{"id":2193,"date":"2017-08-07T22:39:26","date_gmt":"2017-08-07T20:39:26","guid":{"rendered":"http:\/\/vacancesmaurice.ch\/?page_id=2193"},"modified":"2020-09-26T14:30:05","modified_gmt":"2020-09-26T12:30:05","slug":"startseite","status":"publish","type":"page","link":"https:\/\/vacancesmaurice.ch\/de\/startseite\/","title":{"rendered":"Startseite"},"content":{"rendered":"<p>[vc_row full_width=&#8220;stretch_row_content_no_spaces&#8220;][vc_column][rev_slider_vc alias=&#8220;home&#8220;][\/vc_column][\/vc_row][vc_row gap=&#8220;1&#8243; content_placement=&#8220;middle&#8220; css=&#8220;.vc_custom_1502623755941{background-color: rgba(67,67,67,0.7) !important;*background-color: rgb(67,67,67) !important;}&#8220; el_class=&#8220;slider-tour-booking&#8220;][vc_column][booking_tour][\/vc_column][\/vc_row][vc_row content_placement=&#8220;middle&#8220;][vc_column video_bg=&#8220;yes&#8220; video_bg_url=&#8220;https:\/\/www.youtube.com\/watch?v=4HVH99JUDF8&#8243;][vc_empty_space height=&#8220;180px&#8220;][\/vc_column][\/vc_row][vc_row el_class=&#8220;two-column-respon&#8220;][vc_column width=&#8220;1\/4&#8243;][icon_box type=&#8220;linecons&#8220; icon_linecons=&#8220;vc_li vc_li-world&#8220; font_size=&#8220;30&#8243; width_icon=&#8220;80&#8243; heading=&#8220;Entdeckungstour&#8220; heading_color=&#8220;#dd0404&#8243; desc_color=&#8220;#0d6cbf&#8220; link_target=&#8220;_blank&#8220; align=&#8220;center&#8220; external_link=&#8220;http:\/\/vacancesmaurice.ch\/de\/entdeckungstour-mauritius\/&#8220;]Ferien auf Mauritius? Lassen Sie sich von einem unserer Schaltungen verf\u00fchren. V\u00f6llig kundengerecht nach Ihren W\u00fcnschen und in Ihrem Rhythmus.[\/icon_box][\/vc_column][vc_column width=&#8220;1\/4&#8243;][icon_box type=&#8220;linecons&#8220; font_size=&#8220;30&#8243; width_icon=&#8220;80&#8243; heading=&#8220;10 Gr\u00fcnde mit uns zu reisen&#8220; heading_color=&#8220;#dd0404&#8243; desc_color=&#8220;#0d6cbf&#8220; link_target=&#8220;_blank&#8220; align=&#8220;center&#8220; external_link=&#8220;http:\/\/vacancesmaurice.ch\/de\/gruende\/&#8220;]Die einzige Online-Agentur kombiniert 3 in 1 Rundreisen in Mauritius<br \/>\n(Flug + Unterkunft + gef\u00fchrte Tour)<br \/>\nzu unschlagbaren Preisen.[\/icon_box][\/vc_column][vc_column width=&#8220;1\/4&#8243;][icon_box type=&#8220;flaticon&#8220; icon_flaticon=&#8220;flaticon-travel-2&#8243; font_size=&#8220;30&#8243; width_icon=&#8220;80&#8243; heading=&#8220;Entdecken Sie meine Insel&#8220; heading_color=&#8220;#dd0404&#8243; desc_color=&#8220;#0d6cbf&#8220; link_target=&#8220;_blank&#8220; align=&#8220;center&#8220; external_link=&#8220;http:\/\/vacancesmaurice.ch\/de\/boutique\/entdeckungstour-customize\/&#8220;]Wer ist besser als ein Mauritius, um Sie auf ihrer Insel zu beraten.<br \/>\nSei kein Tourist, lebe Mauritius![\/icon_box][\/vc_column][vc_column width=&#8220;1\/4&#8243;][icon_box type=&#8220;flaticon&#8220; icon_flaticon=&#8220;flaticon-travelling&#8220; font_size=&#8220;30&#8243; width_icon=&#8220;80&#8243; heading=&#8220;Unschlagbare Preise!&#8220; heading_color=&#8220;#dd0404&#8243; desc_color=&#8220;#0d6cbf&#8220; link_target=&#8220;_blank&#8220; align=&#8220;center&#8220; external_link=&#8220;http:\/\/vacancesmaurice.ch\/de\/allgemeine-bedingungen\/&#8220;]Zahlungsm\u00f6glichkeit in mehreren Raten[\/icon_box][\/vc_column][\/vc_row][vc_row full_width=&#8220;stretch_row&#8220; css=&#8220;.vc_custom_1502198372595{background-color: #ffffff !important;}&#8220;][vc_column][heading heading=&#8220;Spezialangebot&#8220; heading_color=&#8220;#156fbf&#8220; line_color=&#8220;#dd0404&#8243;][list_tours orderby=&#8220;sales&#8220; style=&#8220;slider&#8220; limit=&#8220;15&#8243; tour_on_row=&#8220;4&#8243; navigation=&#8220;true&#8220;][\/vc_column][\/vc_row][vc_row full_width=&#8220;stretch_row&#8220; video_bg=&#8220;yes&#8220; video_bg_url=&#8220;https:\/\/www.youtube.com\/watch?v=ecRy6PUWyC0&#8243; el_class=&#8220;fix-ipad-deals-discounts&#8220;][vc_column video_bg=&#8220;yes&#8220; video_bg_url=&#8220;&#8220;][deals_discounts heading=&#8220;Entdecken Sie einen friedlichen Zufluchtsort im Herzen des indischen Ozeans&#8220; text_discounts=&#8220;Sparen Sie -70%&#8220; sub_heading=&#8220;Ihr Angebot endet in&#8220; heading_color=&#8220;#156fbf&#8220; line_color=&#8220;#348de5&#8243; text_button=&#8220;Buchen Tour-Pakete&#8220; link_button=&#8220;http:\/\/vacancesmaurice.ch\/de\/angebot\/&#8220; end_date=&#8220;12\/31\/2020&#8243; el_class=&#8220;fix-ipad-deals-discounts&#8220;][\/vc_column][\/vc_row][vc_row][vc_column][heading heading=&#8220;Zeugnis von unseren Kunden&#8220; heading_color=&#8220;#156fbf&#8220;][\/vc_column][\/vc_row][vc_row][vc_column][vc_masonry_grid post_type=&#8220;post&#8220; max_items=&#8220;10&#8243; gap=&#8220;20&#8243; item=&#8220;masonryGrid_WithSideContent&#8220; grid_id=&#8220;vc_gid:1601123291190-764c029f4e20bfe9be60d669d7ceafcf-9&#8243;][\/vc_column][\/vc_row]<\/p>\n","protected":false},"excerpt":{"rendered":"<p>[vc_row full_width=&#8220;stretch_row_content_no_spaces&#8220;][vc_column][rev_slider_vc alias=&#8220;home&#8220;][\/vc_column][\/vc_row][vc_row gap=&#8220;1&#8243; content_placement=&#8220;middle&#8220; css=&#8220;.vc_custom_1502623755941{background-color: rgba(67,67,67,0.7) !important;*background-color: rgb(67,67,67) !important;}&#8220; el_class=&#8220;slider-tour-booking&#8220;][vc_column][booking_tour][\/vc_column][\/vc_row][vc_row content_placement=&#8220;middle&#8220;][vc_column video_bg=&#8220;yes&#8220; video_bg_url=&#8220;https:\/\/www.youtube.com\/watch?v=4HVH99JUDF8&#8243;][vc_empty_space height=&#8220;180px&#8220;][\/vc_column][\/vc_row][vc_row el_class=&#8220;two-column-respon&#8220;][vc_column width=&#8220;1\/4&#8243;][icon_box type=&#8220;linecons&#8220; icon_linecons=&#8220;vc_li vc_li-world&#8220; font_size=&#8220;30&#8243; width_icon=&#8220;80&#8243; heading=&#8220;Entdeckungstour&#8220; heading_color=&#8220;#dd0404&#8243; desc_color=&#8220;#0d6cbf&#8220; link_target=&#8220;_blank&#8220; align=&#8220;center&#8220; external_link=&#8220;http:\/\/vacancesmaurice.ch\/de\/entdeckungstour-mauritius\/&#8220;]Ferien auf Mauritius? Lassen Sie sich von einem unserer Schaltungen verf\u00fchren. V\u00f6llig kundengerecht nach Ihren W\u00fcnschen und in Ihrem Rhythmus.[\/icon_box][\/vc_column][vc_column width=&#8220;1\/4&#8243;][icon_box type=&#8220;linecons&#8220; font_size=&#8220;30&#8243; width_icon=&#8220;80&#8243; heading=&#8220;10 Gr\u00fcnde mit uns [&hellip;]<\/p>\n","protected":false},"author":1,"featured_media":0,"parent":0,"menu_order":1,"comment_status":"closed","ping_status":"closed","template":"","meta":{"_acf_changed":false,"_et_pb_use_builder":"","_et_pb_old_content":"","_et_gb_content_width":"","om_disable_all_campaigns":false,"_monsterinsights_skip_tracking":false,"_monsterinsights_sitenote_active":false,"_monsterinsights_sitenote_note":"","_monsterinsights_sitenote_category":0,"_uf_show_specific_survey":0,"_uf_disable_surveys":false,"footnotes":""},"class_list":["post-2193","page","type-page","status-publish","hentry"],"acf":[],"aioseo_notices":[],"_links":{"self":[{"href":"https:\/\/vacancesmaurice.ch\/de\/wp-json\/wp\/v2\/pages\/2193","targetHints":{"allow":["GET"]}}],"collection":[{"href":"https:\/\/vacancesmaurice.ch\/de\/wp-json\/wp\/v2\/pages"}],"about":[{"href":"https:\/\/vacancesmaurice.ch\/de\/wp-json\/wp\/v2\/types\/page"}],"author":[{"embeddable":true,"href":"https:\/\/vacancesmaurice.ch\/de\/wp-json\/wp\/v2\/users\/1"}],"replies":[{"embeddable":true,"href":"https:\/\/vacancesmaurice.ch\/de\/wp-json\/wp\/v2\/comments?post=2193"}],"version-history":[{"count":95,"href":"https:\/\/vacancesmaurice.ch\/de\/wp-json\/wp\/v2\/pages\/2193\/revisions"}],"predecessor-version":[{"id":4316,"href":"https:\/\/vacancesmaurice.ch\/de\/wp-json\/wp\/v2\/pages\/2193\/revisions\/4316"}],"wp:attachment":[{"href":"https:\/\/vacancesmaurice.ch\/de\/wp-json\/wp\/v2\/media?parent=2193"}],"curies":[{"name":"wp","href":"https:\/\/api.w.org\/{rel}","templated":true}]}}