{"id":2530,"date":"2017-08-08T15:37:15","date_gmt":"2017-08-08T13:37:15","guid":{"rendered":"http:\/\/vacancesmaurice.ch\/?page_id=2530"},"modified":"2022-01-13T16:10:21","modified_gmt":"2022-01-13T15:10:21","slug":"unterkunft","status":"publish","type":"page","link":"https:\/\/vacancesmaurice.ch\/de\/unterkunft\/","title":{"rendered":"Unterkunft"},"content":{"rendered":"<p>[et_pb_section fb_built=&#8220;1&#8243; make_equal=&#8220;on&#8220; use_custom_gutter=&#8220;on&#8220; specialty=&#8220;on&#8220; background_color_1=&#8220;RGBA(255,255,255,0)&#8220; bg_img_1=&#8220;http:\/\/vacancesmaurice.ch\/wp-content\/uploads\/2017\/02\/Geographical-view.jpg&#8220; bg_img_3=&#8220;http:\/\/vacancesmaurice.ch\/wp-content\/uploads\/2017\/02\/Azuri04.jpg&#8220; background_size_1=&#8220;cover&#8220; background_size_3=&#8220;cover&#8220; background_repeat_1=&#8220;no-repeat&#8220; background_repeat_3=&#8220;no-repeat&#8220; padding_top_bottom_link_2=&#8220;false&#8220; padding_left_right_link_2=&#8220;true&#8220; padding_right_2=&#8220;0px&#8220; padding_left_2=&#8220;0px&#8220; disabled_on=&#8220;off|off|off&#8220; _builder_version=&#8220;4.14.2&#8243; _module_preset=&#8220;default&#8220; background_color=&#8220;rgba(134,133,117,0.2)&#8220; width_tablet=&#8220;100%&#8220; width_phone=&#8220;100%&#8220; width_last_edited=&#8220;on|phone&#8220; module_alignment=&#8220;left&#8220; inner_width=&#8220;98%&#8220; custom_margin=&#8220;0px|0px|0px|0px|true|true&#8220; custom_padding=&#8220;|0px||0px|false|true&#8220; bottom_divider_color=&#8220;#868575&#8243; border_color_bottom=&#8220;gcid-3b62b1b2-8ab1-46bb-bb59-4747fe4915dc&#8220; global_colors_info=&#8220;{%22gcid-3b62b1b2-8ab1-46bb-bb59-4747fe4915dc%22:%91%22border_color_bottom%22%93}&#8220;][et_pb_column type=&#8220;1_4&#8243; _builder_version=&#8220;3.25&#8243; custom_padding=&#8220;|||&#8220; global_colors_info=&#8220;{}&#8220; custom_padding__hover=&#8220;|||&#8220;][\/et_pb_column][et_pb_column type=&#8220;1_2&#8243; specialty_columns=&#8220;2&#8243; _builder_version=&#8220;3.25&#8243; custom_padding=&#8220;|||&#8220; global_colors_info=&#8220;{}&#8220; custom_padding__hover=&#8220;|||&#8220;][et_pb_row_inner use_custom_gutter=&#8220;on&#8220; make_equal=&#8220;on&#8220; custom_padding_last_edited=&#8220;on|tablet&#8220; _builder_version=&#8220;4.14.2&#8243; _module_preset=&#8220;default&#8220; width=&#8220;100%&#8220; width_tablet=&#8220;100%&#8220; width_phone=&#8220;100%&#8220; width_last_edited=&#8220;on|phone&#8220; max_width=&#8220;1650%&#8220; module_alignment=&#8220;left&#8220; custom_margin=&#8220;|0px|2px|0px|false|true&#8220; custom_padding=&#8220;41px|10px||10px|false|true&#8220; custom_padding_tablet=&#8220;41px|10px||10px|false|true&#8220; custom_padding_phone=&#8220;41px|10px||10px|false|true&#8220; global_colors_info=&#8220;{}&#8220;][et_pb_column_inner saved_specialty_column_type=&#8220;1_2&#8243; _builder_version=&#8220;4.11.3&#8243; _module_preset=&#8220;default&#8220; global_colors_info=&#8220;{}&#8220;][et_pb_blurb title=&#8220;\u00d6ffnen Sie die T\u00fcren zu Ihrer 5-Sterne Wohnung mit Meerblick&#8220; content_max_width=&#8220;1650px&#8220; content_max_width_tablet=&#8220;&#8220; content_max_width_phone=&#8220;&#8220; content_max_width_last_edited=&#8220;on|phone&#8220; _builder_version=&#8220;4.14.2&#8243; _module_preset=&#8220;default&#8220; header_level=&#8220;h1&#8243; header_font=&#8220;Arima Madurai|||on|||||&#8220; header_text_color=&#8220;#000000&#8243; header_font_size=&#8220;18px&#8220; header_line_height=&#8220;1.7em&#8220; custom_margin=&#8220;0px||0px|0px|false|false&#8220; custom_padding=&#8220;|0px||0px|false|false&#8220; header_font_size_tablet=&#8220;18px&#8220; header_font_size_phone=&#8220;17px&#8220; header_font_size_last_edited=&#8220;on|phone&#8220; locked=&#8220;off&#8220; global_colors_info=&#8220;{}&#8220;][\/et_pb_blurb][et_pb_divider color=&#8220;gcid-3b62b1b2-8ab1-46bb-bb59-4747fe4915dc&#8220; divider_weight=&#8220;3px&#8220; _builder_version=&#8220;4.14.2&#8243; _module_preset=&#8220;default&#8220; width=&#8220;90%&#8220; width_tablet=&#8220;80%&#8220; width_phone=&#8220;100%&#8220; width_last_edited=&#8220;on|phone&#8220; module_alignment=&#8220;left&#8220; custom_margin=&#8220;0px|0px|0px|0px|false|false&#8220; custom_padding=&#8220;0px|0px|0px|0px|false|false&#8220; locked=&#8220;off&#8220; global_colors_info=&#8220;{%22gcid-3b62b1b2-8ab1-46bb-bb59-4747fe4915dc%22:%91%22color%22%93}&#8220;][\/et_pb_divider][et_pb_blurb icon_placement=&#8220;left&#8220; image_icon_width=&#8220;0%&#8220; content_max_width=&#8220;1650px&#8220; _builder_version=&#8220;4.14.2&#8243; _module_preset=&#8220;default&#8220; header_font=&#8220;Arima Madurai|700|||||||&#8220; header_font_size=&#8220;11px&#8220; header_line_height=&#8220;0em&#8220; body_font=&#8220;Arima Madurai||||||||&#8220; body_text_color=&#8220;#000000&#8243; body_font_size=&#8220;11px&#8220; module_alignment=&#8220;left&#8220; custom_margin=&#8220;0px|0px|0px|0px|false|false&#8220; custom_padding=&#8220;0px|0px|0px|0px|false|false&#8220; custom_css_main_element=&#8220;display:inline-block;&#8220; image_max_width=&#8220;0%&#8220; locked=&#8220;off&#8220; global_colors_info=&#8220;{%22gcid-3b62b1b2-8ab1-46bb-bb59-4747fe4915dc%22:%91%22icon_color%22%93}&#8220;]<\/p>\n<p><sapn style=\"background-color: yellow;\">Die Preis der Unterkunft ist in der Tour inbegriffen<\/sapn><\/p>\n<p>[\/et_pb_blurb][et_pb_blurb content_max_width=&#8220;1650px&#8220; _builder_version=&#8220;4.14.2&#8243; _module_preset=&#8220;default&#8220; header_font=&#8220;Arima Madurai|||on|||||&#8220; header_font_size=&#8220;16px&#8220; header_line_height=&#8220;0.5em&#8220; body_font=&#8220;Arima Madurai||||||||&#8220; body_text_color=&#8220;#000000&#8243; custom_margin=&#8220;40px||0px|0px|false|false&#8220; custom_padding=&#8220;|0px||0px|false|false&#8220; locked=&#8220;off&#8220; global_colors_info=&#8220;{}&#8220;]<\/p>\n<p>Die Ferienwohnung befindet sich im Herzen eines authentischen Dorfes in einem gesch\u00fctzten Gebiet an der Nordostk\u00fcste von Mauritius. Verbringen Sie Ihren Traumurlaub im wundersch\u00f6nen 5-Sterne Resort \u201eAzuri Resort &#038; Spa\u201c, umgeben von tropischer Natur in einer noch unber\u00fchrten Region.<\/p>\n<p>Entdecken Sie ein luxuri\u00f6ses und erstklassiges Etablissement in gem\u00fctlicher Atmosph\u00e4re, ideal f\u00fcr einen ruhigen Urlaub im Zeichen der Wellness und Entspannung.!<\/p>\n<p>[\/et_pb_blurb][\/et_pb_column_inner][\/et_pb_row_inner][et_pb_row_inner column_structure=&#8220;1_3,1_3,1_3&#8243; use_custom_gutter=&#8220;on&#8220; make_equal=&#8220;on&#8220; _builder_version=&#8220;4.14.2&#8243; _module_preset=&#8220;default&#8220; custom_margin=&#8220;0px|10px|0px||false|false&#8220; custom_padding=&#8220;0px||0px||true|true&#8220; hover_enabled=&#8220;0&#8243; global_colors_info=&#8220;{}&#8220; sticky_enabled=&#8220;0&#8243;][et_pb_column_inner type=&#8220;1_3&#8243; saved_specialty_column_type=&#8220;1_2&#8243; _builder_version=&#8220;4.14.2&#8243; _module_preset=&#8220;default&#8220; background_image=&#8220;http:\/\/vacancesmaurice.ch\/wp-content\/uploads\/2017\/02\/Azuri01.jpg&#8220; custom_padding=&#8220;60px||60px||true|false&#8220; global_colors_info=&#8220;{}&#8220;][\/et_pb_column_inner][et_pb_column_inner type=&#8220;1_3&#8243; saved_specialty_column_type=&#8220;1_2&#8243; _builder_version=&#8220;4.14.2&#8243; _module_preset=&#8220;default&#8220; background_image=&#8220;http:\/\/vacancesmaurice.ch\/wp-content\/uploads\/2021\/12\/Cuisine-Azuri.jpeg&#8220; hover_enabled=&#8220;0&#8243; global_colors_info=&#8220;{}&#8220; title_text=&#8220;Cuisine Azuri&#8220; sticky_enabled=&#8220;0&#8243;][\/et_pb_column_inner][et_pb_column_inner type=&#8220;1_3&#8243; saved_specialty_column_type=&#8220;1_2&#8243; _builder_version=&#8220;4.14.2&#8243; _module_preset=&#8220;default&#8220; background_image=&#8220;http:\/\/vacancesmaurice.ch\/wp-content\/uploads\/2017\/02\/Azuri03.jpg&#8220; global_colors_info=&#8220;{}&#8220;][\/et_pb_column_inner][\/et_pb_row_inner][\/et_pb_column][et_pb_column type=&#8220;1_4&#8243; _builder_version=&#8220;3.25&#8243; custom_padding=&#8220;|||&#8220; global_colors_info=&#8220;{}&#8220; custom_padding__hover=&#8220;|||&#8220;][\/et_pb_column][\/et_pb_section][et_pb_section fb_built=&#8220;1&#8243; disabled_on=&#8220;off|off|on&#8220; _builder_version=&#8220;4.14.2&#8243; _module_preset=&#8220;default&#8220; background_color=&#8220;rgba(134,133,117,0.2)&#8220; custom_margin=&#8220;0px||0px||true|false&#8220; custom_padding=&#8220;0px||50px||false|false&#8220; global_colors_info=&#8220;{}&#8220;][et_pb_row column_structure=&#8220;1_2,1_2&#8243; use_custom_gutter=&#8220;on&#8220; make_equal=&#8220;on&#8220; _builder_version=&#8220;4.14.2&#8243; _module_preset=&#8220;default&#8220; width=&#8220;95%&#8220; module_alignment=&#8220;center&#8220; hover_enabled=&#8220;0&#8243; global_colors_info=&#8220;{}&#8220; sticky_enabled=&#8220;0&#8243; custom_margin=&#8220;||0px||false|false&#8220; custom_padding=&#8220;||0px||false|false&#8220;][et_pb_column type=&#8220;1_2&#8243; _builder_version=&#8220;4.14.2&#8243; _module_preset=&#8220;default&#8220; background_enable_image=&#8220;off&#8220; custom_padding=&#8220;||||true|false&#8220; hover_enabled=&#8220;0&#8243; global_colors_info=&#8220;{}&#8220; sticky_enabled=&#8220;0&#8243;][et_pb_image src=&#8220;http:\/\/vacancesmaurice.ch\/wp-content\/uploads\/2017\/02\/Geographical-view.jpg&#8220; title_text=&#8220;Geographical view&#8220; _builder_version=&#8220;4.14.2&#8243; _module_preset=&#8220;default&#8220; global_colors_info=&#8220;{}&#8220;][\/et_pb_image][\/et_pb_column][et_pb_column type=&#8220;1_2&#8243; _builder_version=&#8220;4.14.2&#8243; _module_preset=&#8220;default&#8220; background_enable_image=&#8220;off&#8220; hover_enabled=&#8220;0&#8243; global_colors_info=&#8220;{}&#8220; sticky_enabled=&#8220;0&#8243;][et_pb_image src=&#8220;http:\/\/vacancesmaurice.ch\/wp-content\/uploads\/2021\/12\/Cuisine-Azuri.jpeg&#8220; title_text=&#8220;Cuisine Azuri&#8220; force_fullwidth=&#8220;on&#8220; _builder_version=&#8220;4.14.2&#8243; _module_preset=&#8220;default&#8220; hover_enabled=&#8220;0&#8243; global_colors_info=&#8220;{}&#8220; sticky_enabled=&#8220;0&#8243;][\/et_pb_image][\/et_pb_column][\/et_pb_row][et_pb_row column_structure=&#8220;1_2,1_2&#8243; use_custom_gutter=&#8220;on&#8220; make_equal=&#8220;on&#8220; _builder_version=&#8220;4.14.2&#8243; _module_preset=&#8220;default&#8220; width=&#8220;95%&#8220; module_alignment=&#8220;center&#8220; global_colors_info=&#8220;{}&#8220;][et_pb_column type=&#8220;1_2&#8243; _builder_version=&#8220;4.14.2&#8243; _module_preset=&#8220;default&#8220; background_enable_image=&#8220;off&#8220; custom_padding=&#8220;||||true|false&#8220; global_colors_info=&#8220;{}&#8220;][et_pb_image src=&#8220;http:\/\/vacancesmaurice.ch\/wp-content\/uploads\/2017\/02\/Azuri03.jpg&#8220; title_text=&#8220;Azuri03&#8243; _builder_version=&#8220;4.14.2&#8243; _module_preset=&#8220;default&#8220; global_colors_info=&#8220;{}&#8220;][\/et_pb_image][\/et_pb_column][et_pb_column type=&#8220;1_2&#8243; _builder_version=&#8220;4.14.2&#8243; _module_preset=&#8220;default&#8220; background_enable_image=&#8220;off&#8220; global_colors_info=&#8220;{}&#8220;][et_pb_image src=&#8220;http:\/\/vacancesmaurice.ch\/wp-content\/uploads\/2017\/02\/Azuri04.jpg&#8220; title_text=&#8220;Azuri04&#8243; force_fullwidth=&#8220;on&#8220; _builder_version=&#8220;4.14.2&#8243; _module_preset=&#8220;default&#8220; global_colors_info=&#8220;{}&#8220;][\/et_pb_image][\/et_pb_column][\/et_pb_row][et_pb_row column_structure=&#8220;1_2,1_2&#8243; use_custom_gutter=&#8220;on&#8220; make_equal=&#8220;on&#8220; _builder_version=&#8220;4.14.2&#8243; _module_preset=&#8220;default&#8220; width=&#8220;95%&#8220; module_alignment=&#8220;center&#8220; custom_margin=&#8220;0px||0px||true|false&#8220; custom_padding=&#8220;0px||0px||true|false&#8220; global_colors_info=&#8220;{}&#8220;][et_pb_column type=&#8220;1_2&#8243; _builder_version=&#8220;4.14.2&#8243; _module_preset=&#8220;default&#8220; background_enable_image=&#8220;off&#8220; custom_padding=&#8220;||||true|false&#8220; global_colors_info=&#8220;{}&#8220;][\/et_pb_column][et_pb_column type=&#8220;1_2&#8243; _builder_version=&#8220;4.14.2&#8243; _module_preset=&#8220;default&#8220; background_enable_image=&#8220;off&#8220; global_colors_info=&#8220;{}&#8220;][\/et_pb_column][\/et_pb_row][et_pb_row column_structure=&#8220;1_2,1_2&#8243; use_custom_gutter=&#8220;on&#8220; make_equal=&#8220;on&#8220; _builder_version=&#8220;4.14.2&#8243; _module_preset=&#8220;default&#8220; width=&#8220;95%&#8220; module_alignment=&#8220;center&#8220; custom_margin=&#8220;0px||0px||true|false&#8220; custom_padding=&#8220;0px||0px||true|false&#8220; global_colors_info=&#8220;{}&#8220;][et_pb_column type=&#8220;1_2&#8243; _builder_version=&#8220;4.14.2&#8243; _module_preset=&#8220;default&#8220; background_enable_image=&#8220;off&#8220; custom_padding=&#8220;||||true|false&#8220; global_colors_info=&#8220;{}&#8220;][et_pb_image src=&#8220;http:\/\/vacancesmaurice.ch\/wp-content\/uploads\/2017\/02\/Azuri01.jpg&#8220; title_text=&#8220;Azuri01&#8243; _builder_version=&#8220;4.14.2&#8243; _module_preset=&#8220;default&#8220; global_colors_info=&#8220;{}&#8220;][\/et_pb_image][\/et_pb_column][et_pb_column type=&#8220;1_2&#8243; _builder_version=&#8220;4.14.2&#8243; _module_preset=&#8220;default&#8220; background_enable_image=&#8220;off&#8220; global_colors_info=&#8220;{}&#8220;][\/et_pb_column][\/et_pb_row][\/et_pb_section][et_pb_section fb_built=&#8220;1&#8243; _builder_version=&#8220;4.11.3&#8243; _module_preset=&#8220;default&#8220; custom_margin=&#8220;0px||0px||false|false&#8220; custom_padding=&#8220;50px||50px||true|false&#8220; global_colors_info=&#8220;{}&#8220;][et_pb_row _builder_version=&#8220;4.11.3&#8243; _module_preset=&#8220;default&#8220; width=&#8220;95%&#8220; custom_margin=&#8220;0px||50px||false|false&#8220; custom_padding=&#8220;0px||0px||false|false&#8220; locked=&#8220;off&#8220; global_colors_info=&#8220;{}&#8220;][et_pb_column type=&#8220;4_4&#8243; saved_specialty_column_type=&#8220;1_2&#8243; _builder_version=&#8220;4.11.3&#8243; _module_preset=&#8220;default&#8220; global_colors_info=&#8220;{}&#8220;][et_pb_blurb content_max_width=&#8220;1650px&#8220; _builder_version=&#8220;4.14.2&#8243; _module_preset=&#8220;default&#8220; header_font=&#8220;Arima Madurai|||on|||||&#8220; header_font_size=&#8220;16px&#8220; header_line_height=&#8220;0.5em&#8220; body_font=&#8220;Arima Madurai||||||||&#8220; body_text_color=&#8220;#000000&#8243; body_font_size=&#8220;15px&#8220; background_enable_image=&#8220;off&#8220; custom_margin=&#8220;40px||0px|0px|false|false&#8220; custom_padding=&#8220;|0px||0px|false|false&#8220; locked=&#8220;off&#8220; global_colors_info=&#8220;{}&#8220;]<\/p>\n<p>Apartment auf einer Ebene mit 3 Schlafzimmern, 2 B\u00e4dern, einem Garten und einer Terrasse mit allen Annehmlichkeiten, die f\u00fcr einen idyllischen Urlaub ben\u00f6tigt werden. Diese Unterkunft befindet sich nur 2 Minuten vom Strand entfernt. Sie liegt in der N\u00e4he von Restaurants\/Bars, Ausflugszielen f\u00fcr Familien sowie \u00f6ffentlichen Verkehrsmitteln. Sie bietet zudem Komfort und Helligkeit.<\/p>\n<p>[\/et_pb_blurb][et_pb_video src=&#8220;https:\/\/www.youtube.com\/watch?v=NxoJGgLFUyM&#8220; image_src=&#8220;http:\/\/vacancesmaurice.ch\/wp-content\/uploads\/2021\/12\/photo-video-hebergement.png&#8220; play_icon_color=&#8220;gcid-3b62b1b2-8ab1-46bb-bb59-4747fe4915dc&#8220; font_icon=&#8220;&#xe04e;||divi||400&#8243; use_icon_font_size=&#8220;on&#8220; icon_font_size=&#8220;59px&#8220; _builder_version=&#8220;4.14.2&#8243; _module_preset=&#8220;default&#8220; width=&#8220;90%&#8220; width_tablet=&#8220;95%&#8220; width_phone=&#8220;95%&#8220; width_last_edited=&#8220;on|phone&#8220; module_alignment=&#8220;center&#8220; custom_margin=&#8220;30px||||false|false&#8220; global_colors_info=&#8220;{%22gcid-3b62b1b2-8ab1-46bb-bb59-4747fe4915dc%22:%91%22play_icon_color%22%93}&#8220;][\/et_pb_video][et_pb_blurb content_max_width=&#8220;1650px&#8220; _builder_version=&#8220;4.13.0&#8243; _module_preset=&#8220;default&#8220; header_font=&#8220;Arima Madurai|||on|||||&#8220; header_font_size=&#8220;16px&#8220; header_line_height=&#8220;0.5em&#8220; body_font=&#8220;Arima Madurai||||||||&#8220; body_text_color=&#8220;#000000&#8243; body_font_size=&#8220;15px&#8220; custom_margin=&#8220;40px||0px|0px|false|false&#8220; custom_padding=&#8220;|0px||0px|false|false&#8220; locked=&#8220;off&#8220; global_colors_info=&#8220;{}&#8220;]<\/p>\n<p>Sie haben zu Ihrer Verf\u00fcgung:<\/p>\n<ul>\n<li><span>Kostenloses WLAN<\/span><\/li>\n<li><span>Fernsehen<\/span><\/li>\n<li><span>Handtuch<\/span><\/li>\n<li><span>Babybett und Babystuhl<\/span><\/li>\n<li><span>Kinderbett<\/span><\/li>\n<li><span>Voll ausgestattete K\u00fcche: Kochplatten, K\u00fchlschrank \/ Gefrierschrank, Elektroherd, Dunstabzugshaube, Geschirrsp\u00fcler<\/span><\/li>\n<li><span>Badezimmer oder Dusche<\/span><\/li>\n<\/ul>\n<p><span>Die Unterkunft ist ideal f\u00fcr Familien mit Kindern, Paare und Gruppen.<\/span><\/p>\n<p><span>Nur wenige Schritte vom Strand und der Lagune entfernt, bieten die Zimmer unserer sch\u00f6nen Apartments die Garantie f\u00fcr einen ruhigen und erholsamen Urlaub. Mit einer schicken und ausgew\u00e4hlten Dekoration im multikulturellen Stil, spiegeln die Zimmer die nat\u00fcrliche Umgebung in einem luxuri\u00f6sen Ambiente wieder.<\/span><\/p>\n<p>[\/et_pb_blurb][\/et_pb_column][\/et_pb_row][\/et_pb_section]<\/p>\n","protected":false},"excerpt":{"rendered":"<p>Die Preis der Unterkunft ist in der Tour inbegriffenDie Ferienwohnung befindet sich im Herzen eines authentischen Dorfes in einem gesch\u00fctzten Gebiet an der Nordostk\u00fcste von Mauritius. Verbringen Sie Ihren Traumurlaub im wundersch\u00f6nen 5-Sterne Resort \u201eAzuri Resort &#038; Spa\u201c, umgeben von tropischer Natur in einer noch unber\u00fchrten Region. Entdecken Sie ein luxuri\u00f6ses und erstklassiges Etablissement in [&hellip;]<\/p>\n","protected":false},"author":1,"featured_media":0,"parent":0,"menu_order":0,"comment_status":"closed","ping_status":"closed","template":"","meta":{"_acf_changed":false,"_et_pb_use_builder":"on","_et_pb_old_content":"","_et_gb_content_width":"","om_disable_all_campaigns":false,"_monsterinsights_skip_tracking":false,"_monsterinsights_sitenote_active":false,"_monsterinsights_sitenote_note":"","_monsterinsights_sitenote_category":0,"_uf_show_specific_survey":0,"_uf_disable_surveys":false,"footnotes":""},"class_list":["post-2530","page","type-page","status-publish","hentry"],"acf":[],"aioseo_notices":[],"_links":{"self":[{"href":"https:\/\/vacancesmaurice.ch\/de\/wp-json\/wp\/v2\/pages\/2530","targetHints":{"allow":["GET"]}}],"collection":[{"href":"https:\/\/vacancesmaurice.ch\/de\/wp-json\/wp\/v2\/pages"}],"about":[{"href":"https:\/\/vacancesmaurice.ch\/de\/wp-json\/wp\/v2\/types\/page"}],"author":[{"embeddable":true,"href":"https:\/\/vacancesmaurice.ch\/de\/wp-json\/wp\/v2\/users\/1"}],"replies":[{"embeddable":true,"href":"https:\/\/vacancesmaurice.ch\/de\/wp-json\/wp\/v2\/comments?post=2530"}],"version-history":[{"count":13,"href":"https:\/\/vacancesmaurice.ch\/de\/wp-json\/wp\/v2\/pages\/2530\/revisions"}],"predecessor-version":[{"id":7677,"href":"https:\/\/vacancesmaurice.ch\/de\/wp-json\/wp\/v2\/pages\/2530\/revisions\/7677"}],"wp:attachment":[{"href":"https:\/\/vacancesmaurice.ch\/de\/wp-json\/wp\/v2\/media?parent=2530"}],"curies":[{"name":"wp","href":"https:\/\/api.w.org\/{rel}","templated":true}]}}