{"id":3575,"date":"2017-12-02T20:51:56","date_gmt":"2017-12-02T19:51:56","guid":{"rendered":"http:\/\/vacancesmaurice.ch\/?page_id=3575"},"modified":"2022-01-05T10:52:39","modified_gmt":"2022-01-05T09:52:39","slug":"gruende","status":"publish","type":"page","link":"https:\/\/vacancesmaurice.ch\/de\/gruende\/","title":{"rendered":"10 Gr\u00fcnde"},"content":{"rendered":"<p>[et_pb_section fb_built=&#8220;1&#8243; _builder_version=&#8220;4.11.3&#8243; _module_preset=&#8220;default&#8220; global_colors_info=&#8220;{}&#8220; custom_padding=&#8220;||0px|||&#8220;][et_pb_row _builder_version=&#8220;4.14.2&#8243; _module_preset=&#8220;default&#8220; hover_enabled=&#8220;0&#8243; global_colors_info=&#8220;{}&#8220; custom_padding_last_edited=&#8220;on|tablet&#8220; custom_padding_tablet=&#8220;||0px||false|false&#8220; sticky_enabled=&#8220;0&#8243; custom_padding_phone=&#8220;||0px||false|false&#8220;][et_pb_column type=&#8220;4_4&#8243; _builder_version=&#8220;4.11.3&#8243; _module_preset=&#8220;default&#8220; global_colors_info=&#8220;{}&#8220;][et_pb_blurb title=&#8220;10 gute Gr\u00fcnde, mit uns zu reisen&#8220; content_max_width=&#8220;1650px&#8220; _builder_version=&#8220;4.14.2&#8243; _module_preset=&#8220;default&#8220; header_level=&#8220;h1&#8243; header_font=&#8220;Arima Madurai|500||on|||||&#8220; header_text_align=&#8220;center&#8220; header_font_size=&#8220;22px&#8220; header_line_height=&#8220;1.6em&#8220; custom_margin=&#8220;0px||0px||true|false&#8220; global_colors_info=&#8220;{}&#8220;][\/et_pb_blurb][et_pb_divider color=&#8220;gcid-3b62b1b2-8ab1-46bb-bb59-4747fe4915dc&#8220; divider_weight=&#8220;4px&#8220; _builder_version=&#8220;4.11.3&#8243; _module_preset=&#8220;default&#8220; width=&#8220;17%&#8220; module_alignment=&#8220;center&#8220; custom_margin=&#8220;0px||0px||true|false&#8220; custom_padding=&#8220;0px||0px||true|false&#8220; global_colors_info=&#8220;{%22gcid-3b62b1b2-8ab1-46bb-bb59-4747fe4915dc%22:%91%22color%22%93}&#8220;][\/et_pb_divider][\/et_pb_column][\/et_pb_row][\/et_pb_section][et_pb_section fb_built=&#8220;1&#8243; _builder_version=&#8220;4.14.2&#8243; _module_preset=&#8220;default&#8220; hover_enabled=&#8220;0&#8243; global_colors_info=&#8220;{}&#8220; max_width_last_edited=&#8220;on|tablet&#8220; max_width_tablet=&#8220;480px&#8220; module_alignment=&#8220;center&#8220; sticky_enabled=&#8220;0&#8243; custom_margin_last_edited=&#8220;on|tablet&#8220; custom_margin_tablet=&#8220;||||false|true&#8220; custom_padding=&#8220;|15px||15px|false|true&#8220; custom_padding_last_edited=&#8220;on|tablet&#8220; custom_padding_tablet=&#8220;20px|15px||15px|false|true&#8220; max_width_phone=&#8220;480px&#8220; custom_margin_phone=&#8220;||||false|true&#8220; custom_padding_phone=&#8220;20px|15px||15px|false|true&#8220;][et_pb_row column_structure=&#8220;1_3,1_3,1_3&#8243; use_custom_gutter=&#8220;on&#8220; make_equal=&#8220;on&#8220; _builder_version=&#8220;4.14.2&#8243; _module_preset=&#8220;default&#8220; width=&#8220;98%&#8220; module_alignment=&#8220;center&#8220; custom_margin=&#8220;0px||||false|false&#8220; custom_padding=&#8220;0px||0px||false|false&#8220; hover_enabled=&#8220;0&#8243; global_colors_info=&#8220;{}&#8220; sticky_enabled=&#8220;0&#8243;][et_pb_column type=&#8220;1_3&#8243; _builder_version=&#8220;4.11.3&#8243; _module_preset=&#8220;default&#8220; global_colors_info=&#8220;{}&#8220;][et_pb_blurb title=&#8220;1. Erkunden Sie Mauritius in aller Ruhe   &#8220; image=&#8220;http:\/\/vacancesmaurice.ch\/wp-content\/uploads\/2018\/01\/hiking-le-pouce.jpg&#8220; image_icon_width=&#8220;100%&#8220; content_max_width=&#8220;98%&#8220; _builder_version=&#8220;4.14.2&#8243; _module_preset=&#8220;default&#8220; header_level=&#8220;h2&#8243; header_font=&#8220;Arima Madurai||||||||&#8220; header_text_align=&#8220;center&#8220; header_font_size=&#8220;20px&#8220; header_line_height=&#8220;1.6em&#8220; body_font=&#8220;Arima Madurai|300|||||||&#8220; body_text_align=&#8220;center&#8220; body_font_size=&#8220;13px&#8220; custom_padding=&#8220;20px||20px||false|false&#8220; hover_enabled=&#8220;0&#8243; custom_css_main_element=&#8220;align-items:center !important;&#8220; global_colors_info=&#8220;{}&#8220; sticky_enabled=&#8220;0&#8243; module_id=&#8220;img_refer&#8220; custom_margin_last_edited=&#8220;on|tablet&#8220; custom_margin_tablet=&#8220;||||false|false&#8220; custom_padding_last_edited=&#8220;on|tablet&#8220; custom_padding_tablet=&#8220;0px||0px||true|false&#8220; custom_margin_phone=&#8220;||||false|false&#8220; custom_padding_phone=&#8220;0px||0px||true|false&#8220;]<\/p>\n<p>Entlasten Sie sich vollst\u00e4ndig von der Organisation Ihrer Reise, hier ist alles inbegriffen! Die einzige Agentur, die 3 in 1 (Fl\u00fcge + Unterkunft + F\u00fchrungen) zu unschlagbaren Preisen kombiniert!<\/p>\n<p>[\/et_pb_blurb][\/et_pb_column][et_pb_column type=&#8220;1_3&#8243; _builder_version=&#8220;4.11.3&#8243; _module_preset=&#8220;default&#8220; global_colors_info=&#8220;{}&#8220;][et_pb_blurb title=&#8220;2. Bleiben Sie die Kontrolle \u00fcber Ihre Zeit&#8220; image=&#8220;http:\/\/vacancesmaurice.ch\/wp-content\/uploads\/2017\/11\/snorkeling-fish.jpg&#8220; image_icon_width=&#8220;100%&#8220; content_max_width=&#8220;98%&#8220; _builder_version=&#8220;4.14.2&#8243; _module_preset=&#8220;default&#8220; header_level=&#8220;h2&#8243; header_font=&#8220;Arima Madurai||||||||&#8220; header_text_align=&#8220;center&#8220; header_font_size=&#8220;20px&#8220; header_line_height=&#8220;1.6em&#8220; body_font=&#8220;Arima Madurai|300|||||||&#8220; body_text_align=&#8220;center&#8220; body_font_size=&#8220;13px&#8220; custom_padding=&#8220;20px||20px||false|false&#8220; hover_enabled=&#8220;0&#8243; custom_css_main_element=&#8220;align-items:center !important;&#8220; global_colors_info=&#8220;{}&#8220; sticky_enabled=&#8220;0&#8243; custom_padding_last_edited=&#8220;on|tablet&#8220; custom_padding_tablet=&#8220;0px||0px||true|false&#8220; custom_padding_phone=&#8220;0px||0px||true|false&#8220;]<\/p>\n<article id=\"post-3552\" class=\"post-3552 attachment type-attachment status-inherit hentry\">\n<div class=\"entry-content\">\n<p>In der Lage zu sein, Ihre Aktivit\u00e4ten auch w\u00e4hrend Ihrer Reise zu \u00e4ndern, zu Hause, Sie sind es, die Ihren Zeitplan, keine Mahlzeit oder Fr\u00fchst\u00fcck zu festen Zeiten machen. Sie haben die Wahl, Ihre Zeit so zu w\u00e4hlen, wie Sie es f\u00fcr richtig halten.<\/p>\n<\/div>\n<footer class=\"entry-footer\"><\/footer>\n<\/article>\n<div id=\"comments\" class=\"comments-area\">\n<div id=\"respond\" class=\"comment-respond\"><\/div>\n<\/div>\n<p><span><\/span><\/p>\n<p>&nbsp;<\/p>\n<p>[\/et_pb_blurb][\/et_pb_column][et_pb_column type=&#8220;1_3&#8243; _builder_version=&#8220;4.11.3&#8243; _module_preset=&#8220;default&#8220; global_colors_info=&#8220;{}&#8220;][et_pb_blurb title=&#8220;3. Mauritius Ihr Zuhause&#8220; image=&#8220;http:\/\/vacancesmaurice.ch\/wp-content\/uploads\/2017\/08\/Crocodile-park-1.jpg&#8220; image_icon_width=&#8220;100%&#8220; content_max_width=&#8220;98%&#8220; _builder_version=&#8220;4.14.2&#8243; _module_preset=&#8220;default&#8220; header_level=&#8220;h2&#8243; header_font=&#8220;Arima Madurai||||||||&#8220; header_text_align=&#8220;center&#8220; header_font_size=&#8220;20px&#8220; header_line_height=&#8220;1.6em&#8220; body_font=&#8220;Arima Madurai|300|||||||&#8220; body_text_align=&#8220;center&#8220; body_font_size=&#8220;13px&#8220; custom_padding=&#8220;20px||20px||false|false&#8220; hover_enabled=&#8220;0&#8243; custom_css_main_element=&#8220;align-items:center !important;&#8220; global_colors_info=&#8220;{}&#8220; sticky_enabled=&#8220;0&#8243; custom_padding_last_edited=&#8220;on|tablet&#8220; custom_padding_tablet=&#8220;0px||0px||false|false&#8220; custom_padding_phone=&#8220;0px||0px||false|false&#8220;]<\/p>\n<article id=\"post-3552\" class=\"post-3552 attachment type-attachment status-inherit hentry\">\n<div class=\"entry-content\">\n<article id=\"post-2403\" class=\"post_list_content_unit post-2403 attachment type-attachment status-inherit hentry\">\n<div class=\"post-list-content\">\n<div class=\"post_list_inner_content_unit\">\n<div class=\"post_list_item_excerpt\">\n<p>Um jede Erfahrung einzigartig zu machen, bietet unser Team originelle Aktivit\u00e4ten an, die speziell f\u00fcr Sie ausgew\u00e4hlt wurden. Wir stehen Ihnen zur Verf\u00fcgung, um Ihnen zu helfen.<\/p>\n<\/div>\n<\/div>\n<\/div>\n<\/article>\n<nav class=\"navigation post-navigation\" role=\"navigation\" aria-label=\"Publications\"><\/nav>\n<\/div>\n<footer class=\"entry-footer\"><\/footer>\n<\/article>\n<div id=\"comments\" class=\"comments-area\">\n<div id=\"respond\" class=\"comment-respond\"><\/div>\n<\/div>\n<p><span><\/span><\/p>\n<p>&nbsp;<\/p>\n<p>[\/et_pb_blurb][\/et_pb_column][\/et_pb_row][et_pb_row column_structure=&#8220;1_3,1_3,1_3&#8243; use_custom_gutter=&#8220;on&#8220; make_equal=&#8220;on&#8220; _builder_version=&#8220;4.14.2&#8243; _module_preset=&#8220;default&#8220; width=&#8220;98%&#8220; module_alignment=&#8220;center&#8220; custom_margin=&#8220;0px||||false|false&#8220; custom_padding=&#8220;0px||0px||false|false&#8220; global_colors_info=&#8220;{}&#8220;][et_pb_column type=&#8220;1_3&#8243; _builder_version=&#8220;4.11.3&#8243; _module_preset=&#8220;default&#8220; global_colors_info=&#8220;{}&#8220;][et_pb_blurb title=&#8220;4. Herzlich willkommen in unsere Familie&#8220; image=&#8220;http:\/\/vacancesmaurice.ch\/wp-content\/uploads\/2017\/07\/famille.jpg&#8220; image_icon_width=&#8220;100%&#8220; content_max_width=&#8220;98%&#8220; _builder_version=&#8220;4.14.2&#8243; _module_preset=&#8220;default&#8220; header_level=&#8220;h2&#8243; header_font=&#8220;Arima Madurai||||||||&#8220; header_text_align=&#8220;center&#8220; header_font_size=&#8220;20px&#8220; header_line_height=&#8220;1.6em&#8220; body_font=&#8220;Arima Madurai|300|||||||&#8220; body_text_align=&#8220;center&#8220; body_font_size=&#8220;13px&#8220; custom_padding=&#8220;20px||20px||false|false&#8220; hover_enabled=&#8220;0&#8243; custom_css_main_element=&#8220;align-items:center !important;&#8220; global_colors_info=&#8220;{}&#8220; sticky_enabled=&#8220;0&#8243; custom_padding_last_edited=&#8220;on|tablet&#8220; custom_padding_tablet=&#8220;0px||0px||false|false&#8220; custom_padding_phone=&#8220;0px||0px||false|false&#8220;]<\/p>\n<article id=\"post-3552\" class=\"post-3552 attachment type-attachment status-inherit hentry\">\n<div class=\"entry-content\">\n<p><span>Wir freuen uns \u00fcber die Freundschaften, die mit unserer Kundschaft entstanden sind.<span> <br \/><\/span> Sie sind unsere besten Botschafter auf der ganzen Welt.<\/span><\/p>\n<\/div>\n<footer class=\"entry-footer\"><\/footer>\n<\/article>\n<div id=\"comments\" class=\"comments-area\">\n<div id=\"respond\" class=\"comment-respond\"><\/div>\n<\/div>\n<p><span><\/span><\/p>\n<p>&nbsp;<\/p>\n<p>[\/et_pb_blurb][\/et_pb_column][et_pb_column type=&#8220;1_3&#8243; _builder_version=&#8220;4.11.3&#8243; _module_preset=&#8220;default&#8220; global_colors_info=&#8220;{}&#8220;][et_pb_blurb title=&#8220;5. Faulenzen Sie als Mauritian&#8220; image=&#8220;http:\/\/vacancesmaurice.ch\/wp-content\/uploads\/2019\/02\/beach-couple.jpg&#8220; image_icon_width=&#8220;100%&#8220; content_max_width=&#8220;98%&#8220; _builder_version=&#8220;4.14.2&#8243; _module_preset=&#8220;default&#8220; header_level=&#8220;h2&#8243; header_font=&#8220;Arima Madurai||||||||&#8220; header_text_align=&#8220;center&#8220; header_font_size=&#8220;20px&#8220; header_line_height=&#8220;1.6em&#8220; body_font=&#8220;Arima Madurai|300|||||||&#8220; body_text_align=&#8220;center&#8220; body_font_size=&#8220;13px&#8220; custom_padding=&#8220;20px||20px||false|false&#8220; hover_enabled=&#8220;0&#8243; custom_css_main_element=&#8220;align-items:center !important;&#8220; global_colors_info=&#8220;{}&#8220; sticky_enabled=&#8220;0&#8243; custom_padding_last_edited=&#8220;on|tablet&#8220; custom_padding_tablet=&#8220;0px||0px||true|false&#8220; custom_padding_phone=&#8220;0px||0px||true|false&#8220;]<\/p>\n<article id=\"post-3552\" class=\"post-3552 attachment type-attachment status-inherit hentry\">\n<div class=\"entry-content\">\n<p><span>Bringen Sie nur das N\u00f6tigste mit: Bademode, Sonnenbrille und Hut werden den Zweck erf\u00fcllen. F\u00fcr Familien bieten Krippe, Autositz, Babytrage, Hochstuhl, Wickeltisch und auch und vor allem ein Babysitting. Alles im Preis enthalten!<\/span><\/p>\n<\/div>\n<footer class=\"entry-footer\"><\/footer>\n<\/article>\n<div id=\"comments\" class=\"comments-area\">\n<div id=\"respond\" class=\"comment-respond\"><\/div>\n<\/div>\n<p><span><\/span><\/p>\n<p>&nbsp;<\/p>\n<p>[\/et_pb_blurb][\/et_pb_column][et_pb_column type=&#8220;1_3&#8243; _builder_version=&#8220;4.11.3&#8243; _module_preset=&#8220;default&#8220; global_colors_info=&#8220;{}&#8220;][et_pb_blurb title=&#8220;6. Entspannen Sie sich alles ist m\u00f6glich&#8220; image=&#8220;http:\/\/vacancesmaurice.ch\/wp-content\/uploads\/2017\/08\/02-1.jpeg&#8220; image_icon_width=&#8220;100%&#8220; content_max_width=&#8220;98%&#8220; _builder_version=&#8220;4.14.2&#8243; _module_preset=&#8220;default&#8220; header_level=&#8220;h2&#8243; header_font=&#8220;Arima Madurai||||||||&#8220; header_text_align=&#8220;center&#8220; header_font_size=&#8220;20px&#8220; header_line_height=&#8220;1.6em&#8220; body_font=&#8220;Arima Madurai|300|||||||&#8220; body_text_align=&#8220;center&#8220; body_font_size=&#8220;13px&#8220; custom_padding=&#8220;20px||20px||false|false&#8220; hover_enabled=&#8220;0&#8243; custom_css_main_element=&#8220;align-items:center !important;&#8220; global_colors_info=&#8220;{}&#8220; sticky_enabled=&#8220;0&#8243; custom_padding_last_edited=&#8220;on|tablet&#8220; custom_padding_tablet=&#8220;0px||0px||true|false&#8220; custom_padding_phone=&#8220;0px||0px||true|false&#8220;]<\/p>\n<article id=\"post-3552\" class=\"post-3552 attachment type-attachment status-inherit hentry\">\n<div class=\"entry-content\">\n<article id=\"post-3044\" class=\"post_list_content_unit post-3044 attachment type-attachment status-inherit hentry\">\n<div class=\"post-list-content\">\n<div class=\"post_list_inner_content_unit\">\n<div class=\"post_list_item_excerpt\">\n<p>Und wenn Sie Transport zwischen Ihrem Haus und dem Flughafen ben\u00f6tigen! Ja, gegen einen Aufpreis von CHF 200 ist es m\u00f6glich. Im Gegensatz zu anderen Reiseb\u00fcros gehen wir auf Ihre Anliegen und W\u00fcnsche ein!<\/p>\n<\/div>\n<\/div>\n<\/div>\n<\/article>\n<nav class=\"navigation post-navigation\" role=\"navigation\" aria-label=\"Publications\"><\/nav>\n<\/div>\n<footer class=\"entry-footer\"><\/footer>\n<\/article>\n<div id=\"comments\" class=\"comments-area\">\n<div id=\"respond\" class=\"comment-respond\"><\/div>\n<\/div>\n<p><span><\/span><\/p>\n<p>&nbsp;<\/p>\n<p>[\/et_pb_blurb][\/et_pb_column][\/et_pb_row][et_pb_row column_structure=&#8220;1_3,1_3,1_3&#8243; use_custom_gutter=&#8220;on&#8220; make_equal=&#8220;on&#8220; _builder_version=&#8220;4.14.2&#8243; _module_preset=&#8220;default&#8220; width=&#8220;98%&#8220; module_alignment=&#8220;center&#8220; custom_margin=&#8220;0px||||false|false&#8220; custom_padding=&#8220;0px||0px||false|false&#8220; global_colors_info=&#8220;{}&#8220;][et_pb_column type=&#8220;1_3&#8243; _builder_version=&#8220;4.11.3&#8243; _module_preset=&#8220;default&#8220; global_colors_info=&#8220;{}&#8220;][et_pb_blurb title=&#8220;7. Essen und trinken vor Ort&#8220; image=&#8220;http:\/\/vacancesmaurice.ch\/wp-content\/uploads\/2017\/11\/roti.jpg&#8220; image_icon_width=&#8220;100%&#8220; content_max_width=&#8220;98%&#8220; _builder_version=&#8220;4.14.2&#8243; _module_preset=&#8220;default&#8220; header_level=&#8220;h2&#8243; header_font=&#8220;Arima Madurai||||||||&#8220; header_text_align=&#8220;center&#8220; header_font_size=&#8220;20px&#8220; header_line_height=&#8220;1.6em&#8220; body_font=&#8220;Arima Madurai|300|||||||&#8220; body_text_align=&#8220;center&#8220; body_font_size=&#8220;13px&#8220; custom_padding=&#8220;20px||20px||false|false&#8220; hover_enabled=&#8220;0&#8243; custom_css_main_element=&#8220;align-items:center !important;&#8220; global_colors_info=&#8220;{}&#8220; sticky_enabled=&#8220;0&#8243; custom_padding_last_edited=&#8220;on|tablet&#8220; custom_padding_tablet=&#8220;0px||0px||true|false&#8220; custom_padding_phone=&#8220;0px||0px||true|false&#8220;]<\/p>\n<article id=\"post-3556\" class=\"post-3556 attachment type-attachment status-inherit hentry\">\n<div class=\"entry-content\">\n<p>Dies ist eine einzigartige Gelegenheit, die Spezialit\u00e4ten von Mauritius und Rodrigues zu entdecken! Janine unsere K\u00f6chin der Herkunft Rodriguaise wird Sie w\u00e4hrend Ihres Aufenthaltes kleine Gerricht typisch f\u00fcr seine zwei Inseln entdecken lassen.<\/p>\n<\/div>\n<footer class=\"entry-footer\"><\/footer>\n<\/article>\n<p>[\/et_pb_blurb][\/et_pb_column][et_pb_column type=&#8220;1_3&#8243; _builder_version=&#8220;4.11.3&#8243; _module_preset=&#8220;default&#8220; global_colors_info=&#8220;{}&#8220;][et_pb_blurb title=&#8220;8. Erholen Sie!&#8220; image=&#8220;http:\/\/vacancesmaurice.ch\/wp-content\/uploads\/2017\/07\/honeymoontours.jpg&#8220; image_icon_width=&#8220;100%&#8220; content_max_width=&#8220;100%&#8220; _builder_version=&#8220;4.14.2&#8243; _module_preset=&#8220;default&#8220; header_level=&#8220;h2&#8243; header_font=&#8220;Arima Madurai||||||||&#8220; header_text_align=&#8220;center&#8220; header_font_size=&#8220;20px&#8220; header_line_height=&#8220;1.6em&#8220; body_font=&#8220;Arima Madurai|300|||||||&#8220; body_text_align=&#8220;center&#8220; body_font_size=&#8220;13px&#8220; custom_padding=&#8220;20px||20px||true|false&#8220; hover_enabled=&#8220;0&#8243; custom_css_main_element=&#8220;align-items:center !important;&#8220; global_colors_info=&#8220;{}&#8220; sticky_enabled=&#8220;0&#8243; custom_padding_last_edited=&#8220;on|tablet&#8220; custom_padding_tablet=&#8220;0px||0px||true|false&#8220; custom_padding_phone=&#8220;0px||0px||true|false&#8220;]<\/p>\n<article id=\"post-3556\" class=\"post-3556 attachment type-attachment status-inherit hentry\">\n<div class=\"entry-content\">\n<article id=\"post-3238\" class=\"post_list_content_unit post-3238 attachment type-attachment status-inherit hentry\">\n<div class=\"post-list-content\">\n<div class=\"post_list_inner_content_unit\">\n<div class=\"post_list_item_excerpt\">\n<p>Brauchen Sie Zeit zu verbringen! Eine Auswahl an Spa, Fitness, Wandern oder einfach nur ein gutes Buch und sich vom sanften Klang der Lagune verw\u00f6hnen lassen.<\/p>\n<\/div>\n<\/div>\n<\/div>\n<\/article>\n<nav class=\"navigation post-navigation\" role=\"navigation\" aria-label=\"Publications\"><\/nav>\n<\/div>\n<footer class=\"entry-footer\"><\/footer>\n<\/article>\n<p>[\/et_pb_blurb][\/et_pb_column][et_pb_column type=&#8220;1_3&#8243; _builder_version=&#8220;4.11.3&#8243; _module_preset=&#8220;default&#8220; global_colors_info=&#8220;{}&#8220;][et_pb_blurb title=&#8220;9. Ein lokales Mobiltelefon verf\u00fcgbar&#8220; image=&#8220;http:\/\/vacancesmaurice.ch\/wp-content\/uploads\/2017\/11\/mauritius-couleur.jpg&#8220; image_icon_width=&#8220;99%&#8220; content_max_width=&#8220;98%&#8220; _builder_version=&#8220;4.14.2&#8243; _module_preset=&#8220;default&#8220; header_level=&#8220;h2&#8243; header_font=&#8220;Arima Madurai||||||||&#8220; header_text_align=&#8220;center&#8220; header_font_size=&#8220;20px&#8220; header_line_height=&#8220;1.6em&#8220; body_font=&#8220;Arima Madurai|300|||||||&#8220; body_text_align=&#8220;center&#8220; body_font_size=&#8220;13px&#8220; custom_padding=&#8220;20px||20px||true|false&#8220; hover_enabled=&#8220;0&#8243; custom_css_main_element=&#8220;align-items:center !important;&#8220; global_colors_info=&#8220;{}&#8220; custom_padding_last_edited=&#8220;on|tablet&#8220; custom_padding_tablet=&#8220;0px||0px||true|false&#8220; sticky_enabled=&#8220;0&#8243; custom_padding_phone=&#8220;0px||0px||true|false&#8220;]<\/p>\n<article id=\"post-3556\" class=\"post-3556 attachment type-attachment status-inherit hentry\">\n<div class=\"entry-content\">\n<article id=\"post-3558\" class=\"post-3558 attachment type-attachment status-inherit hentry\">\n<div class=\"entry-content\">\n<p>Bei Ihrer Ankunft in Mauritius geben wir Ihnen ein Mobiltelefon mit aufgezeichneten Nummern f\u00fcr Ihren Aufenthalt: Concierge-Service, Fahrer, Unterst\u00fctzung und eine Gutschrift f\u00fcr lokale oder internationale Anrufe.<\/p>\n<\/div>\n<footer class=\"entry-footer\"><\/footer>\n<\/article>\n<div id=\"comments\" class=\"comments-area\">\n<div id=\"respond\" class=\"comment-respond\"><\/div>\n<\/div>\n<\/div>\n<footer class=\"entry-footer\"><\/footer>\n<\/article>\n<p>[\/et_pb_blurb][\/et_pb_column][\/et_pb_row][et_pb_row column_structure=&#8220;1_3,1_3,1_3&#8243; use_custom_gutter=&#8220;on&#8220; make_equal=&#8220;on&#8220; _builder_version=&#8220;4.14.2&#8243; _module_preset=&#8220;default&#8220; width=&#8220;98%&#8220; module_alignment=&#8220;center&#8220; custom_margin=&#8220;0px||||false|false&#8220; custom_padding=&#8220;0px||0px||false|false&#8220; global_colors_info=&#8220;{}&#8220;][et_pb_column type=&#8220;1_3&#8243; _builder_version=&#8220;4.11.3&#8243; _module_preset=&#8220;default&#8220; global_colors_info=&#8220;{}&#8220;][\/et_pb_column][et_pb_column type=&#8220;1_3&#8243; _builder_version=&#8220;4.11.3&#8243; _module_preset=&#8220;default&#8220; global_colors_info=&#8220;{}&#8220;][et_pb_blurb title=&#8220;10. Ein lokales Team f\u00fcr Ihren Service&#8220; image=&#8220;http:\/\/vacancesmaurice.ch\/wp-content\/uploads\/2017\/11\/equipe.jpg&#8220; image_icon_width=&#8220;99%&#8220; content_max_width=&#8220;98%&#8220; _builder_version=&#8220;4.14.2&#8243; _module_preset=&#8220;default&#8220; header_level=&#8220;h2&#8243; header_font=&#8220;Arima Madurai||||||||&#8220; header_text_align=&#8220;center&#8220; header_font_size=&#8220;20px&#8220; header_line_height=&#8220;1.6em&#8220; body_font=&#8220;Arima Madurai|300|||||||&#8220; body_text_align=&#8220;center&#8220; body_font_size=&#8220;13px&#8220; custom_padding=&#8220;20px||20px||true|false&#8220; hover_enabled=&#8220;0&#8243; custom_css_main_element=&#8220;align-items:center !important;&#8220; global_colors_info=&#8220;{}&#8220; custom_padding_last_edited=&#8220;on|tablet&#8220; custom_padding_tablet=&#8220;0px||0px||true|false&#8220; sticky_enabled=&#8220;0&#8243; custom_padding_phone=&#8220;0px||0px||true|false&#8220;]<\/p>\n<article id=\"post-3556\" class=\"post-3556 attachment type-attachment status-inherit hentry\">\n<div class=\"entry-content\">\n<article id=\"post-3559\" class=\"post-3559 attachment type-attachment status-inherit hentry\">\n<div class=\"entry-content\">\n<p>\u00dcber die Details Ihrer Reise und Ihre Erwartungen informiert sich unser lokales Team, sobald Sie am Flughafen ankommen. Sie wird Ihnen w\u00e4hrend Ihrer Reise behilflich sein. Im Falle von Problemen wird das Unerwartete behandelt. Schliesslich ist es auch ihre Aufgabe, Ihre Erwartungen zu antizipieren und Vorschl\u00e4ge zu machen, die auf Ihren Interessen w\u00e4hrend des Kurses basieren. Kleine Details, die den Unterschied ausmachen. Dank ihrer perfekten Kenntnis des Landes und eines wichtigen lokalen Netzwerks reagiert sie vor Ort auf alle Ihre Anfragen.Unser Team spricht fliessend Englisch, Franz\u00f6sisch und Deutsch.<\/p>\n<\/div>\n<footer class=\"entry-footer\"><\/footer>\n<\/article>\n<div id=\"comments\" class=\"comments-area\">\n<div id=\"respond\" class=\"comment-respond\"><\/div>\n<\/div>\n<\/div>\n<footer class=\"entry-footer\"><\/footer>\n<\/article>\n<p>[\/et_pb_blurb][\/et_pb_column][et_pb_column type=&#8220;1_3&#8243; _builder_version=&#8220;4.11.3&#8243; _module_preset=&#8220;default&#8220; global_colors_info=&#8220;{}&#8220;][\/et_pb_column][\/et_pb_row][\/et_pb_section]<\/p>\n","protected":false},"excerpt":{"rendered":"<p>Entlasten Sie sich vollst\u00e4ndig von der Organisation Ihrer Reise, hier ist alles inbegriffen! Die einzige Agentur, die 3 in 1 (Fl\u00fcge + Unterkunft + F\u00fchrungen) zu unschlagbaren Preisen kombiniert! In der Lage zu sein, Ihre Aktivit\u00e4ten auch w\u00e4hrend Ihrer Reise zu \u00e4ndern, zu Hause, Sie sind es, die Ihren Zeitplan, keine Mahlzeit oder Fr\u00fchst\u00fcck zu [&hellip;]<\/p>\n","protected":false},"author":1,"featured_media":0,"parent":0,"menu_order":0,"comment_status":"closed","ping_status":"closed","template":"","meta":{"_acf_changed":false,"_et_pb_use_builder":"on","_et_pb_old_content":"","_et_gb_content_width":"","om_disable_all_campaigns":false,"_monsterinsights_skip_tracking":false,"_monsterinsights_sitenote_active":false,"_monsterinsights_sitenote_note":"","_monsterinsights_sitenote_category":0,"_uf_show_specific_survey":0,"_uf_disable_surveys":false,"footnotes":""},"class_list":["post-3575","page","type-page","status-publish","hentry"],"acf":[],"aioseo_notices":[],"_links":{"self":[{"href":"https:\/\/vacancesmaurice.ch\/de\/wp-json\/wp\/v2\/pages\/3575","targetHints":{"allow":["GET"]}}],"collection":[{"href":"https:\/\/vacancesmaurice.ch\/de\/wp-json\/wp\/v2\/pages"}],"about":[{"href":"https:\/\/vacancesmaurice.ch\/de\/wp-json\/wp\/v2\/types\/page"}],"author":[{"embeddable":true,"href":"https:\/\/vacancesmaurice.ch\/de\/wp-json\/wp\/v2\/users\/1"}],"replies":[{"embeddable":true,"href":"https:\/\/vacancesmaurice.ch\/de\/wp-json\/wp\/v2\/comments?post=3575"}],"version-history":[{"count":16,"href":"https:\/\/vacancesmaurice.ch\/de\/wp-json\/wp\/v2\/pages\/3575\/revisions"}],"predecessor-version":[{"id":7559,"href":"https:\/\/vacancesmaurice.ch\/de\/wp-json\/wp\/v2\/pages\/3575\/revisions\/7559"}],"wp:attachment":[{"href":"https:\/\/vacancesmaurice.ch\/de\/wp-json\/wp\/v2\/media?parent=3575"}],"curies":[{"name":"wp","href":"https:\/\/api.w.org\/{rel}","templated":true}]}}