{"id":916,"date":"2017-04-27T15:11:26","date_gmt":"2017-04-27T13:11:26","guid":{"rendered":"http:\/\/vacancesmaurice.ch\/?page_id=916"},"modified":"2022-01-13T17:13:11","modified_gmt":"2022-01-13T16:13:11","slug":"faq-3","status":"publish","type":"page","link":"https:\/\/vacancesmaurice.ch\/de\/faq-3\/","title":{"rendered":"FAQ"},"content":{"rendered":"<p>[et_pb_section fb_built=&#8220;1&#8243; _builder_version=&#8220;4.11.3&#8243; _module_preset=&#8220;default&#8220; custom_margin=&#8220;||||false|false&#8220; custom_padding=&#8220;0px||0px||false|false&#8220; global_colors_info=&#8220;{}&#8220;][et_pb_row _builder_version=&#8220;4.14.2&#8243; _module_preset=&#8220;default&#8220; width=&#8220;93%&#8220; custom_padding=&#8220;0px||0px||true|false&#8220; hover_enabled=&#8220;0&#8243; global_colors_info=&#8220;{}&#8220; sticky_enabled=&#8220;0&#8243;][et_pb_column type=&#8220;4_4&#8243; _builder_version=&#8220;4.11.3&#8243; _module_preset=&#8220;default&#8220; global_colors_info=&#8220;{}&#8220;][et_pb_blurb title=&#8220;H\u00e4ufig gestellte Fragen&#8220; content_max_width=&#8220;1650px&#8220; _builder_version=&#8220;4.14.2&#8243; _module_preset=&#8220;default&#8220; header_font=&#8220;Arima Madurai|700||on|||||&#8220; header_font_size=&#8220;22px&#8220; header_letter_spacing=&#8220;2px&#8220; module_alignment=&#8220;center&#8220; custom_margin=&#8220;0px||0px||true|false&#8220; custom_padding=&#8220;80px||0px||false|false&#8220; hover_enabled=&#8220;0&#8243; global_colors_info=&#8220;{}&#8220; header_level=&#8220;h1&#8243; header_font_size_last_edited=&#8220;on|phone&#8220; header_text_align=&#8220;center&#8220; sticky_enabled=&#8220;0&#8243; header_font_size_tablet=&#8220;19px&#8220; header_font_size_phone=&#8220;16px&#8220; header_line_height=&#8220;1.9em&#8220;][\/et_pb_blurb][et_pb_divider color=&#8220;gcid-3b62b1b2-8ab1-46bb-bb59-4747fe4915dc&#8220; divider_weight=&#8220;4px&#8220; _builder_version=&#8220;4.14.2&#8243; _module_preset=&#8220;default&#8220; width=&#8220;14%&#8220; module_alignment=&#8220;center&#8220; custom_padding=&#8220;0px||0px||true|false&#8220; hover_enabled=&#8220;0&#8243; global_colors_info=&#8220;{%22gcid-3b62b1b2-8ab1-46bb-bb59-4747fe4915dc%22:%91%22color%22%93}&#8220; sticky_enabled=&#8220;0&#8243; width_last_edited=&#8220;on|phone&#8220; width_tablet=&#8220;36%&#8220; width_phone=&#8220;38%&#8220;][\/et_pb_divider][\/et_pb_column][\/et_pb_row][\/et_pb_section][et_pb_section fb_built=&#8220;1&#8243; _builder_version=&#8220;4.11.3&#8243; _module_preset=&#8220;default&#8220; box_shadow_style=&#8220;preset3&#8243; global_colors_info=&#8220;{}&#8220;][et_pb_row _builder_version=&#8220;4.11.3&#8243; _module_preset=&#8220;default&#8220; width=&#8220;89%&#8220; custom_padding=&#8220;0px||||false|false&#8220; global_colors_info=&#8220;{}&#8220;][et_pb_column type=&#8220;4_4&#8243; _builder_version=&#8220;4.11.3&#8243; _module_preset=&#8220;default&#8220; global_colors_info=&#8220;{}&#8220;][et_pb_blurb title=&#8220;1. Kontakte vor dem Abflug&#8220; content_max_width=&#8220;1650px&#8220; _builder_version=&#8220;4.14.2&#8243; _module_preset=&#8220;default&#8220; header_font=&#8220;Arima Madurai|500|||||||&#8220; header_text_color=&#8220;#FFFFFF&#8220; header_font_size=&#8220;20px&#8220; background_color=&#8220;gcid-43475db4-cb98-467a-80f9-88ae21a54eef&#8220; custom_margin=&#8220;||0px||false|false&#8220; custom_padding=&#8220;20px|25px|20px|25px|true|true&#8220; hover_enabled=&#8220;0&#8243; global_colors_info=&#8220;{%22gcid-43475db4-cb98-467a-80f9-88ae21a54eef%22:%91%22background_color%22%93}&#8220; header_level=&#8220;h2&#8243; header_font_size_last_edited=&#8220;on|phone&#8220; sticky_enabled=&#8220;0&#8243; header_font_size_tablet=&#8220;19px&#8220; header_font_size_phone=&#8220;17px&#8220; header_line_height=&#8220;1.6em&#8220;][\/et_pb_blurb][et_pb_blurb content_max_width=&#8220;1650px&#8220; _builder_version=&#8220;4.14.2&#8243; _module_preset=&#8220;default&#8220; header_font=&#8220;Arima Madurai|500|||||||&#8220; header_text_color=&#8220;#FFFFFF&#8220; header_font_size=&#8220;20px&#8220; body_font=&#8220;Arima Madurai|300|||||||&#8220; body_font_size=&#8220;16px&#8220; background_enable_color=&#8220;off&#8220; custom_margin=&#8220;||||false|false&#8220; custom_padding=&#8220;20px|25px|20px|25px|true|true&#8220; hover_enabled=&#8220;0&#8243; border_width_all=&#8220;3px&#8220; border_color_all=&#8220;gcid-43475db4-cb98-467a-80f9-88ae21a54eef&#8220; border_width_top=&#8220;0px&#8220; global_colors_info=&#8220;{%22gcid-43475db4-cb98-467a-80f9-88ae21a54eef%22:%91%22background_color%22,%22border_color_bottom%22,%22border_color_left%22,%22border_color_all%22%93}&#8220; body_font_size_last_edited=&#8220;on|phone&#8220; sticky_enabled=&#8220;0&#8243; body_font_size_phone=&#8220;14px&#8220; body_font_size_tablet=&#8220;16px&#8220;]<\/p>\n<p>Die Kontaktdaten eines \u00f6rtlichen Ansprechpartners werden Ihnen vor Abflug mitgeteilt.<\/p>\n<p>[\/et_pb_blurb][et_pb_blurb title=&#8220;2. Probleme beim Empfangen von E-Mails&#8220; content_max_width=&#8220;1650px&#8220; _builder_version=&#8220;4.13.0&#8243; _module_preset=&#8220;default&#8220; header_font=&#8220;Arima Madurai|500|||||||&#8220; header_text_color=&#8220;#FFFFFF&#8220; header_font_size=&#8220;20px&#8220; custom_margin=&#8220;||0px||false|false&#8220; custom_padding=&#8220;20px|25px|20px|25px|true|true&#8220; global_colors_info=&#8220;{%22gcid-43475db4-cb98-467a-80f9-88ae21a54eef%22:%91%22background_color%22,%22background_color%22,%22background_color%22%93}&#8220; header_font_size_tablet=&#8220;19px&#8220; header_font_size_phone=&#8220;17px&#8220; header_font_size_last_edited=&#8220;on|phone&#8220; background_color=&#8220;gcid-43475db4-cb98-467a-80f9-88ae21a54eef&#8220; header_level=&#8220;h2&#8243; header_line_height=&#8220;1.6em&#8220;][\/et_pb_blurb][et_pb_blurb content_max_width=&#8220;1650px&#8220; _builder_version=&#8220;4.13.0&#8243; _module_preset=&#8220;default&#8220; header_font=&#8220;Arima Madurai|500|||||||&#8220; header_text_color=&#8220;#FFFFFF&#8220; header_font_size=&#8220;20px&#8220; body_font=&#8220;Arima Madurai|300|||||||&#8220; body_font_size=&#8220;16px&#8220; custom_margin=&#8220;||||false|false&#8220; custom_padding=&#8220;20px|25px|20px|25px|true|true&#8220; border_width_all=&#8220;3px&#8220; border_color_all=&#8220;gcid-43475db4-cb98-467a-80f9-88ae21a54eef&#8220; border_width_top=&#8220;0px&#8220; global_colors_info=&#8220;{%22gcid-43475db4-cb98-467a-80f9-88ae21a54eef%22:%91%22background_color%22,%22border_color_bottom%22,%22border_color_left%22,%22border_color_all%22,%22background_color%22,%22border_color_bottom%22,%22border_color_left%22,%22border_color_all%22%93}&#8220; body_font_size_phone=&#8220;14px&#8220; body_font_size_last_edited=&#8220;on|phone&#8220; background_enable_color=&#8220;off&#8220; body_font_size_tablet=&#8220;16px&#8220;]Sollte Sie unsere E-Mails nicht innerhalb von 48 h erhalten, so \u00fcberpr\u00fcfen Sie bitte zun\u00e4chst den \u201eSpam-Ordner\u201c oder \u201eJunk-Mail-Ordner\u201c.<\/p>\n<p>Sie k\u00f6nnen uns direkt per E-Mail unter <a href=\"mailto:info.swissnest@gmail.com\">info.swissnest@gmail.com<\/a> anschreiben.[\/et_pb_blurb][et_pb_blurb title=&#8220;3. Bearbeiten und stornieren meine Reservierung&#8220; content_max_width=&#8220;1650px&#8220; _builder_version=&#8220;4.13.0&#8243; _module_preset=&#8220;default&#8220; header_font=&#8220;Arima Madurai|500|||||||&#8220; header_text_color=&#8220;#FFFFFF&#8220; header_font_size=&#8220;20px&#8220; custom_margin=&#8220;||0px||false|false&#8220; custom_padding=&#8220;20px|25px|20px|25px|true|true&#8220; global_colors_info=&#8220;{%22gcid-43475db4-cb98-467a-80f9-88ae21a54eef%22:%91%22background_color%22,%22background_color%22,%22background_color%22%93}&#8220; header_font_size_tablet=&#8220;19px&#8220; header_font_size_phone=&#8220;17px&#8220; header_font_size_last_edited=&#8220;on|phone&#8220; background_color=&#8220;gcid-43475db4-cb98-467a-80f9-88ae21a54eef&#8220; header_level=&#8220;h2&#8243; header_line_height=&#8220;1.6em&#8220;][\/et_pb_blurb][et_pb_blurb content_max_width=&#8220;1650px&#8220; _builder_version=&#8220;4.13.0&#8243; _module_preset=&#8220;default&#8220; header_font=&#8220;Arima Madurai|500|||||||&#8220; header_text_color=&#8220;#FFFFFF&#8220; header_font_size=&#8220;20px&#8220; body_font=&#8220;Arima Madurai|300|||||||&#8220; body_font_size=&#8220;16px&#8220; custom_margin=&#8220;||||false|false&#8220; custom_padding=&#8220;20px|25px|20px|25px|true|true&#8220; border_width_all=&#8220;3px&#8220; border_color_all=&#8220;gcid-43475db4-cb98-467a-80f9-88ae21a54eef&#8220; border_width_top=&#8220;0px&#8220; global_colors_info=&#8220;{%22gcid-43475db4-cb98-467a-80f9-88ae21a54eef%22:%91%22background_color%22,%22border_color_bottom%22,%22border_color_left%22,%22border_color_all%22,%22background_color%22,%22border_color_bottom%22,%22border_color_left%22,%22border_color_all%22%93}&#8220; body_font_size_phone=&#8220;14px&#8220; body_font_size_last_edited=&#8220;on|phone&#8220; background_enable_color=&#8220;off&#8220; body_font_size_tablet=&#8220;16px&#8220;]Nach jeder \u00c4nderungsanfrage erhalten Sie eine Best\u00e4tigungsemail, damit Sie dar\u00fcber informiert werden, dass Ihre Anfrage bearbeitet wird. Anschlie\u00dfend erhalten Sie eine weitere Email, in der Sie dar\u00fcber informiert werden, ob Ihre \u00c4nderungsanfrage angenommen oder abgelehnt wurde. Sollten Sie bereits im Besitz von Reisedokumenten sein, so erhalten Sie nach Annahme und Best\u00e4tigung Ihrer \u00c4nderungsanfrage neue Reisedokumente.<\/p>\n<p>Die Geb\u00fchren, die im Falle einer Stornierung der Buchung anfallen, sind folgende:<\/p>\n<ul>\n<li>100% des Flugpreises<\/li>\n<li>50% des Tour-Paket-Preises<br \/>\n<span id=\"result_box\" class=\"\" lang=\"de\"><\/span><\/li>\n<\/ul>\n<p>[\/et_pb_blurb][et_pb_blurb title=&#8220;4. Tipps und Links vor dem Abflug&#8220; content_max_width=&#8220;1650px&#8220; _builder_version=&#8220;4.13.0&#8243; _module_preset=&#8220;default&#8220; header_font=&#8220;Arima Madurai|500|||||||&#8220; header_text_color=&#8220;#FFFFFF&#8220; header_font_size=&#8220;20px&#8220; custom_margin=&#8220;||0px||false|false&#8220; custom_padding=&#8220;20px|25px|20px|25px|true|true&#8220; global_colors_info=&#8220;{%22gcid-43475db4-cb98-467a-80f9-88ae21a54eef%22:%91%22background_color%22,%22background_color%22,%22background_color%22%93}&#8220; header_font_size_tablet=&#8220;19px&#8220; header_font_size_phone=&#8220;17px&#8220; header_font_size_last_edited=&#8220;on|phone&#8220; background_color=&#8220;gcid-43475db4-cb98-467a-80f9-88ae21a54eef&#8220; header_level=&#8220;h2&#8243; header_line_height=&#8220;1.6em&#8220;][\/et_pb_blurb][et_pb_blurb content_max_width=&#8220;1650px&#8220; _builder_version=&#8220;4.13.0&#8243; _module_preset=&#8220;default&#8220; header_font=&#8220;Arima Madurai|500|||||||&#8220; header_text_color=&#8220;#FFFFFF&#8220; header_font_size=&#8220;20px&#8220; body_font=&#8220;Arima Madurai|300|||||||&#8220; body_font_size=&#8220;16px&#8220; custom_margin=&#8220;||||false|false&#8220; custom_padding=&#8220;20px|25px|20px|25px|true|true&#8220; border_width_all=&#8220;3px&#8220; border_color_all=&#8220;gcid-43475db4-cb98-467a-80f9-88ae21a54eef&#8220; border_width_top=&#8220;0px&#8220; global_colors_info=&#8220;{%22gcid-43475db4-cb98-467a-80f9-88ae21a54eef%22:%91%22background_color%22,%22border_color_bottom%22,%22border_color_left%22,%22border_color_all%22,%22background_color%22,%22border_color_bottom%22,%22border_color_left%22,%22border_color_all%22%93}&#8220; body_font_size_phone=&#8220;14px&#8220; body_font_size_last_edited=&#8220;on|phone&#8220; background_enable_color=&#8220;off&#8220; body_font_size_tablet=&#8220;16px&#8220;]Brauchen Sie einen Rat, um Ihren Aufenthalt vorzubereiten? Kennen Sie die Einreisebedingungen (Visumspflicht oder nicht)?<\/p>\n<p>Hier sind einige hilfreiche Links:<\/p>\n<p>Reisen: https:\/\/www.eda.admin.ch\/eda\/fr\/dfae\/representations-et-conseils-aux-voyageurs\/maurice\/conseils-voyageurs-maurice.html (in Franz\u00f6sisch verf\u00fcgbar nur)<br \/>\nPraktische Informationen \u00fcber Mauritius: http:\/\/www.ile-maurice.fr\/infos-pratiques\/ (in Franz\u00f6sisch verf\u00fcgbar nur)<br \/>\nMauritius Tourism Promotion Authority (MTPA): http:\/\/www.tourism-mauritius.mu\/fr[\/et_pb_blurb][\/et_pb_column][\/et_pb_row][\/et_pb_section]<\/p>\n","protected":false},"excerpt":{"rendered":"<p>Die Kontaktdaten eines \u00f6rtlichen Ansprechpartners werden Ihnen vor Abflug mitgeteilt.Sollte Sie unsere E-Mails nicht innerhalb von 48 h erhalten, so \u00fcberpr\u00fcfen Sie bitte zun\u00e4chst den \u201eSpam-Ordner\u201c oder \u201eJunk-Mail-Ordner\u201c. Sie k\u00f6nnen uns direkt per E-Mail unter info.swissnest@gmail.com anschreiben.Nach jeder \u00c4nderungsanfrage erhalten Sie eine Best\u00e4tigungsemail, damit Sie dar\u00fcber informiert werden, dass Ihre Anfrage bearbeitet wird. Anschlie\u00dfend erhalten [&hellip;]<\/p>\n","protected":false},"author":1,"featured_media":0,"parent":0,"menu_order":11,"comment_status":"closed","ping_status":"closed","template":"","meta":{"_acf_changed":false,"_et_pb_use_builder":"on","_et_pb_old_content":"","_et_gb_content_width":"","om_disable_all_campaigns":false,"_monsterinsights_skip_tracking":false,"_monsterinsights_sitenote_active":false,"_monsterinsights_sitenote_note":"","_monsterinsights_sitenote_category":0,"_uf_show_specific_survey":0,"_uf_disable_surveys":false,"footnotes":""},"class_list":["post-916","page","type-page","status-publish","hentry"],"acf":[],"aioseo_notices":[],"_links":{"self":[{"href":"https:\/\/vacancesmaurice.ch\/de\/wp-json\/wp\/v2\/pages\/916","targetHints":{"allow":["GET"]}}],"collection":[{"href":"https:\/\/vacancesmaurice.ch\/de\/wp-json\/wp\/v2\/pages"}],"about":[{"href":"https:\/\/vacancesmaurice.ch\/de\/wp-json\/wp\/v2\/types\/page"}],"author":[{"embeddable":true,"href":"https:\/\/vacancesmaurice.ch\/de\/wp-json\/wp\/v2\/users\/1"}],"replies":[{"embeddable":true,"href":"https:\/\/vacancesmaurice.ch\/de\/wp-json\/wp\/v2\/comments?post=916"}],"version-history":[{"count":15,"href":"https:\/\/vacancesmaurice.ch\/de\/wp-json\/wp\/v2\/pages\/916\/revisions"}],"predecessor-version":[{"id":7683,"href":"https:\/\/vacancesmaurice.ch\/de\/wp-json\/wp\/v2\/pages\/916\/revisions\/7683"}],"wp:attachment":[{"href":"https:\/\/vacancesmaurice.ch\/de\/wp-json\/wp\/v2\/media?parent=916"}],"curies":[{"name":"wp","href":"https:\/\/api.w.org\/{rel}","templated":true}]}}