{"id":3230,"date":"2017-07-26T19:52:18","date_gmt":"2017-08-26T12:45:59","guid":{"rendered":"http:\/\/vacancesmaurice.ch\/?post_type=product&#038;p=3230"},"modified":"2023-01-23T14:20:24","modified_gmt":"2023-01-23T13:20:24","slug":"hochzeitreisen","status":"publish","type":"product","link":"https:\/\/vacancesmaurice.ch\/de\/boutique\/hochzeitreisen\/","title":{"rendered":"Entdeckungstour Hochzeitreisen"},"content":{"rendered":"<p><em>*ab CHF 3000.- pro Person<\/em><\/p>\n<p><em>Teilnehmerzahl: 2 Personen<\/em><\/p>\n<p><em>Der Preis beinhaltet :<\/em><\/p>\n<ul>\n<li>Internationale Fl\u00fcge in der Economy-Class<\/li>\n<li>Transfer vom Flughafen zur Unterkunft<\/li>\n<li>Unterkunft mit Halbpension (1 Fr\u00fchst\u00fcchk, 1 Men\u00fc)<\/li>\n<li>Fahrt im klimatisierten Reisebus<\/li>\n<li>S\u00e4mtliche Ausfl\u00fcge, Ausfahrten im Katamaran und mit dem Speedboot, die unten beschrieben werden.<\/li>\n<li>Alle Steuern sind im Preis inbegriffen (MwSt.)<\/li>\n<\/ul>\n<p><em>Nicht inbegriffen sind:<\/em><\/p>\n<ul>\n<li>Ausgaben f\u00fcr den pers\u00f6nlichen Bedarf, Mahlzeiten und Getr\u00e4nke, die nicht genannt sind<\/li>\n<li>Reiser\u00fccktrittsversicherung\/Versicherung f\u00fcr Repatriierung und Gep\u00e4ck<\/li>\n<li>Bearbeitungsgeb\u00fchren sowie Entgelte f\u00fcr die Bezahlung per Kreditkarte<\/li>\n<\/ul>\n<p>&nbsp;<\/p>\n","protected":false},"excerpt":{"rendered":"<p><span class=\"et-waypoint et_pb_animation_top et_pb_animation_top_tablet et_pb_animation_top_phone et-pb-icon et-animated\" style=\"font-size: 25px; vertical-align: sub;\">}\u00a0<\/span><span style=\"font-size: 18px; font-weight: bold;\">7 Tage\/8 N\u00e4chte<\/span><\/p>\n<p><em>*Ab CHF 3000.- pro Person<\/em><\/p>\n<p><em>Romantischer Ausflug auf einer exotischen und tropischen Insel<\/em><\/p>\n","protected":false},"featured_media":6256,"comment_status":"open","ping_status":"closed","template":"","meta":{"_acf_changed":false,"_et_pb_use_builder":"","_et_pb_old_content":"","_et_gb_content_width":"","om_disable_all_campaigns":false,"_monsterinsights_skip_tracking":false,"_monsterinsights_sitenote_active":false,"_monsterinsights_sitenote_note":"","_monsterinsights_sitenote_category":0,"_uf_show_specific_survey":0,"_uf_disable_surveys":false},"product_brand":[],"product_cat":[347,337],"product_tag":[],"mwb_booking_cost":[],"mwb_booking_service":[],"class_list":{"0":"post-3230","1":"product","2":"type-product","3":"status-publish","4":"has-post-thumbnail","6":"product_cat-booking-de","7":"product_cat-entdeckungstour","9":"first","10":"instock","11":"virtual","12":"taxable","13":"purchasable","14":"product-type-mwb_booking"},"acf":[],"aioseo_notices":[],"_links":{"self":[{"href":"https:\/\/vacancesmaurice.ch\/de\/wp-json\/wp\/v2\/product\/3230","targetHints":{"allow":["GET"]}}],"collection":[{"href":"https:\/\/vacancesmaurice.ch\/de\/wp-json\/wp\/v2\/product"}],"about":[{"href":"https:\/\/vacancesmaurice.ch\/de\/wp-json\/wp\/v2\/types\/product"}],"replies":[{"embeddable":true,"href":"https:\/\/vacancesmaurice.ch\/de\/wp-json\/wp\/v2\/comments?post=3230"}],"wp:featuredmedia":[{"embeddable":true,"href":"https:\/\/vacancesmaurice.ch\/de\/wp-json\/wp\/v2\/media\/6256"}],"wp:attachment":[{"href":"https:\/\/vacancesmaurice.ch\/de\/wp-json\/wp\/v2\/media?parent=3230"}],"wp:term":[{"taxonomy":"product_brand","embeddable":true,"href":"https:\/\/vacancesmaurice.ch\/de\/wp-json\/wp\/v2\/product_brand?post=3230"},{"taxonomy":"product_cat","embeddable":true,"href":"https:\/\/vacancesmaurice.ch\/de\/wp-json\/wp\/v2\/product_cat?post=3230"},{"taxonomy":"product_tag","embeddable":true,"href":"https:\/\/vacancesmaurice.ch\/de\/wp-json\/wp\/v2\/product_tag?post=3230"},{"taxonomy":"mwb_booking_cost","embeddable":true,"href":"https:\/\/vacancesmaurice.ch\/de\/wp-json\/wp\/v2\/mwb_booking_cost?post=3230"},{"taxonomy":"mwb_booking_service","embeddable":true,"href":"https:\/\/vacancesmaurice.ch\/de\/wp-json\/wp\/v2\/mwb_booking_service?post=3230"}],"curies":[{"name":"wp","href":"https:\/\/api.w.org\/{rel}","templated":true}]}}