{"id":3239,"date":"2017-08-05T18:04:45","date_gmt":"2017-08-26T13:23:47","guid":{"rendered":"http:\/\/vacancesmaurice.ch\/?post_type=product&#038;p=3239"},"modified":"2022-01-14T12:49:04","modified_gmt":"2022-01-14T11:49:04","slug":"botanischer-garten-pamplemousse","status":"publish","type":"product","link":"https:\/\/vacancesmaurice.ch\/de\/boutique\/botanischer-garten-pamplemousse\/","title":{"rendered":"Botanischer Garten Pamplemousse"},"content":{"rendered":"<p>Ein Besuch im botanischen Garten Pamplemousse ist wie in eine andere Welt einzutauchen: hier sind Sie umringt von zahlreichen Pflanzenarten, die Sie durch ihre Sch\u00f6nheit und ihren Duft bet\u00f6ren. Einige Pflanzen sind sehr beeindruckend, wie etwa der Baobab-Baum sowie die Amazonas-Riesenseerose, die schlafend im Becken liegt (eine der ber\u00fchmtesten Sehensw\u00fcrdigkeiten der Insel Mauritius) oder aber die riesige Talipot Palme, welche nur einmal bl\u00fcht und danach eingeht.<\/p>\n","protected":false},"excerpt":{"rendered":"<p><em>*ab CHF 50.- pro Person (Verkehrsmittel inklusive)<\/em><\/p>\n","protected":false},"featured_media":6417,"comment_status":"open","ping_status":"closed","template":"","meta":{"_acf_changed":false,"_et_pb_use_builder":"","_et_pb_old_content":"","_et_gb_content_width":"","om_disable_all_campaigns":false,"_monsterinsights_skip_tracking":false,"_monsterinsights_sitenote_active":false,"_monsterinsights_sitenote_note":"","_monsterinsights_sitenote_category":0,"_uf_show_specific_survey":0,"_uf_disable_surveys":false},"product_brand":[],"product_cat":[323,173],"product_tag":[],"mwb_booking_cost":[],"mwb_booking_service":[],"class_list":{"0":"post-3239","1":"product","2":"type-product","3":"status-publish","4":"has-post-thumbnail","6":"product_cat-aktivitaeten","7":"product_cat-terre-fr-en-de","9":"first","10":"instock","11":"sale","12":"virtual","13":"taxable","14":"purchasable","15":"product-type-simple"},"acf":[],"aioseo_notices":[],"_links":{"self":[{"href":"https:\/\/vacancesmaurice.ch\/de\/wp-json\/wp\/v2\/product\/3239","targetHints":{"allow":["GET"]}}],"collection":[{"href":"https:\/\/vacancesmaurice.ch\/de\/wp-json\/wp\/v2\/product"}],"about":[{"href":"https:\/\/vacancesmaurice.ch\/de\/wp-json\/wp\/v2\/types\/product"}],"replies":[{"embeddable":true,"href":"https:\/\/vacancesmaurice.ch\/de\/wp-json\/wp\/v2\/comments?post=3239"}],"wp:featuredmedia":[{"embeddable":true,"href":"https:\/\/vacancesmaurice.ch\/de\/wp-json\/wp\/v2\/media\/6417"}],"wp:attachment":[{"href":"https:\/\/vacancesmaurice.ch\/de\/wp-json\/wp\/v2\/media?parent=3239"}],"wp:term":[{"taxonomy":"product_brand","embeddable":true,"href":"https:\/\/vacancesmaurice.ch\/de\/wp-json\/wp\/v2\/product_brand?post=3239"},{"taxonomy":"product_cat","embeddable":true,"href":"https:\/\/vacancesmaurice.ch\/de\/wp-json\/wp\/v2\/product_cat?post=3239"},{"taxonomy":"product_tag","embeddable":true,"href":"https:\/\/vacancesmaurice.ch\/de\/wp-json\/wp\/v2\/product_tag?post=3239"},{"taxonomy":"mwb_booking_cost","embeddable":true,"href":"https:\/\/vacancesmaurice.ch\/de\/wp-json\/wp\/v2\/mwb_booking_cost?post=3239"},{"taxonomy":"mwb_booking_service","embeddable":true,"href":"https:\/\/vacancesmaurice.ch\/de\/wp-json\/wp\/v2\/mwb_booking_service?post=3239"}],"curies":[{"name":"wp","href":"https:\/\/api.w.org\/{rel}","templated":true}]}}