{"id":3249,"date":"2017-08-05T16:41:47","date_gmt":"2017-08-26T17:28:55","guid":{"rendered":"http:\/\/vacancesmaurice.ch\/?post_type=product&#038;p=3249"},"modified":"2022-01-14T12:41:07","modified_gmt":"2022-01-14T11:41:07","slug":"katamaran-auf-die-hirschinsel","status":"publish","type":"product","link":"https:\/\/vacancesmaurice.ch\/de\/boutique\/katamaran-auf-die-hirschinsel\/","title":{"rendered":"Katamaran auf die Hirschinsel"},"content":{"rendered":"<p>Abfahrt um 8:00 Uhr vom Azuri in Richtung Pointe J\u00e9r\u00f4me, um gegen 9:00 Uhr an Bord des Katamarans zu gehen. Diese Fahrt f\u00fchrt Sie bis zur Hirschinsel und beinhaltet ein k\u00f6stliches Barbecue, Getr\u00e4nke nach Belieben, Schnorcheln und einen Ausflug nach Grande rivi\u00e8re sud-est und seinen Wasserf\u00e4llen. Auf diesem Ausflug k\u00f6nnen Sie Riesenfleder-m\u00e4use, Affen und falls Sie Gl\u00fcck haben, Delphine entdecken.<\/p>\n<p>Die R\u00fcckfahrt zum Azuri ist f\u00fcr 16:00 vorgesehen.<\/p>\n","protected":false},"excerpt":{"rendered":"<p><em>*ab CHF 150.- pro Person (Verkehrsmittel und Mittagessen inklusive)<\/em><\/p>\n","protected":false},"featured_media":6437,"comment_status":"open","ping_status":"closed","template":"","meta":{"_acf_changed":false,"_et_pb_use_builder":"","_et_pb_old_content":"","_et_gb_content_width":"","om_disable_all_campaigns":false,"_monsterinsights_skip_tracking":false,"_monsterinsights_sitenote_active":false,"_monsterinsights_sitenote_note":"","_monsterinsights_sitenote_category":0,"_uf_show_specific_survey":0,"_uf_disable_surveys":false},"product_brand":[],"product_cat":[323,179],"product_tag":[],"mwb_booking_cost":[],"mwb_booking_service":[],"class_list":{"0":"post-3249","1":"product","2":"type-product","3":"status-publish","4":"has-post-thumbnail","6":"product_cat-aktivitaeten","7":"product_cat-mer-fr-en-de","9":"first","10":"instock","11":"sale","12":"featured","13":"virtual","14":"taxable","15":"purchasable","16":"product-type-simple"},"acf":[],"aioseo_notices":[],"_links":{"self":[{"href":"https:\/\/vacancesmaurice.ch\/de\/wp-json\/wp\/v2\/product\/3249","targetHints":{"allow":["GET"]}}],"collection":[{"href":"https:\/\/vacancesmaurice.ch\/de\/wp-json\/wp\/v2\/product"}],"about":[{"href":"https:\/\/vacancesmaurice.ch\/de\/wp-json\/wp\/v2\/types\/product"}],"replies":[{"embeddable":true,"href":"https:\/\/vacancesmaurice.ch\/de\/wp-json\/wp\/v2\/comments?post=3249"}],"wp:featuredmedia":[{"embeddable":true,"href":"https:\/\/vacancesmaurice.ch\/de\/wp-json\/wp\/v2\/media\/6437"}],"wp:attachment":[{"href":"https:\/\/vacancesmaurice.ch\/de\/wp-json\/wp\/v2\/media?parent=3249"}],"wp:term":[{"taxonomy":"product_brand","embeddable":true,"href":"https:\/\/vacancesmaurice.ch\/de\/wp-json\/wp\/v2\/product_brand?post=3249"},{"taxonomy":"product_cat","embeddable":true,"href":"https:\/\/vacancesmaurice.ch\/de\/wp-json\/wp\/v2\/product_cat?post=3249"},{"taxonomy":"product_tag","embeddable":true,"href":"https:\/\/vacancesmaurice.ch\/de\/wp-json\/wp\/v2\/product_tag?post=3249"},{"taxonomy":"mwb_booking_cost","embeddable":true,"href":"https:\/\/vacancesmaurice.ch\/de\/wp-json\/wp\/v2\/mwb_booking_cost?post=3249"},{"taxonomy":"mwb_booking_service","embeddable":true,"href":"https:\/\/vacancesmaurice.ch\/de\/wp-json\/wp\/v2\/mwb_booking_service?post=3249"}],"curies":[{"name":"wp","href":"https:\/\/api.w.org\/{rel}","templated":true}]}}