{"id":3251,"date":"2017-08-05T16:31:05","date_gmt":"2017-08-26T17:42:58","guid":{"rendered":"http:\/\/vacancesmaurice.ch\/?post_type=product&#038;p=3251"},"modified":"2022-01-14T12:41:35","modified_gmt":"2022-01-14T11:41:35","slug":"schwimmen-mit-den-delphinen","status":"publish","type":"product","link":"https:\/\/vacancesmaurice.ch\/de\/boutique\/schwimmen-mit-den-delphinen\/","title":{"rendered":"Schwimmen mit den Delphinen"},"content":{"rendered":"<p>Abfahrt um 6:00 Uhr zu dem beliebtesten Ausflugsort der Insel Mauritius: <strong>Das Baden mit den Delphinen!<\/strong><\/p>\n<p>Das Baden mit den Delphinen ist eines der beliebtesten Ausflugsziele der Reisenden. Geeignet f\u00fcr Gross und Klein, k\u00f6nnen Sie sich den Traum verwirklichen, im kristallklaren Wasser des Indischen Ozeans mit den Delphinen zu baden. 15-30 min nach Verlassen der K\u00fcste, macht das Boot halt und die Reisenden k\u00f6nnen sich mit Taucherbrille, Schnorchel und Schwimmflossen ausstatten, die vor Ort zur Verf\u00fcgung gestellt werden. Anschliessend k\u00f6nnen Sie ins kristallklare Wasser springen und auf die Suche der ber\u00fchmten Delphine gehen, die hier anzutreffen sind und zumeist in Scharen von 50-300 Delphinen unterwegs sind. Besuch der sch\u00f6nsten Pl\u00e4tze der Ostk\u00fcste der Insel.<\/p>\n<p>Essen und Picknick sind im Preis inbegriffen.<\/p>\n<p>16:00 Uhr: R\u00fcckkehr zum Anlegeplatz und anschliessend R\u00fcckfahrt zum Azuri.<\/p>\n","protected":false},"excerpt":{"rendered":"<p><em>*ab CHF 150.- pro Person (Verkehrsmittel und Mittagessen inklusive)<\/em><\/p>\n","protected":false},"featured_media":6450,"comment_status":"open","ping_status":"closed","template":"","meta":{"_acf_changed":false,"_et_pb_use_builder":"","_et_pb_old_content":"","_et_gb_content_width":"","om_disable_all_campaigns":false,"_monsterinsights_skip_tracking":false,"_monsterinsights_sitenote_active":false,"_monsterinsights_sitenote_note":"","_monsterinsights_sitenote_category":0,"_uf_show_specific_survey":0,"_uf_disable_surveys":false},"product_brand":[],"product_cat":[323,179],"product_tag":[],"mwb_booking_cost":[],"mwb_booking_service":[],"class_list":{"0":"post-3251","1":"product","2":"type-product","3":"status-publish","4":"has-post-thumbnail","6":"product_cat-aktivitaeten","7":"product_cat-mer-fr-en-de","9":"first","10":"instock","11":"sale","12":"featured","13":"virtual","14":"taxable","15":"purchasable","16":"product-type-simple"},"acf":[],"aioseo_notices":[],"_links":{"self":[{"href":"https:\/\/vacancesmaurice.ch\/de\/wp-json\/wp\/v2\/product\/3251","targetHints":{"allow":["GET"]}}],"collection":[{"href":"https:\/\/vacancesmaurice.ch\/de\/wp-json\/wp\/v2\/product"}],"about":[{"href":"https:\/\/vacancesmaurice.ch\/de\/wp-json\/wp\/v2\/types\/product"}],"replies":[{"embeddable":true,"href":"https:\/\/vacancesmaurice.ch\/de\/wp-json\/wp\/v2\/comments?post=3251"}],"wp:featuredmedia":[{"embeddable":true,"href":"https:\/\/vacancesmaurice.ch\/de\/wp-json\/wp\/v2\/media\/6450"}],"wp:attachment":[{"href":"https:\/\/vacancesmaurice.ch\/de\/wp-json\/wp\/v2\/media?parent=3251"}],"wp:term":[{"taxonomy":"product_brand","embeddable":true,"href":"https:\/\/vacancesmaurice.ch\/de\/wp-json\/wp\/v2\/product_brand?post=3251"},{"taxonomy":"product_cat","embeddable":true,"href":"https:\/\/vacancesmaurice.ch\/de\/wp-json\/wp\/v2\/product_cat?post=3251"},{"taxonomy":"product_tag","embeddable":true,"href":"https:\/\/vacancesmaurice.ch\/de\/wp-json\/wp\/v2\/product_tag?post=3251"},{"taxonomy":"mwb_booking_cost","embeddable":true,"href":"https:\/\/vacancesmaurice.ch\/de\/wp-json\/wp\/v2\/mwb_booking_cost?post=3251"},{"taxonomy":"mwb_booking_service","embeddable":true,"href":"https:\/\/vacancesmaurice.ch\/de\/wp-json\/wp\/v2\/mwb_booking_service?post=3251"}],"curies":[{"name":"wp","href":"https:\/\/api.w.org\/{rel}","templated":true}]}}