{"id":3257,"date":"2017-08-05T17:47:01","date_gmt":"2017-08-26T18:05:38","guid":{"rendered":"http:\/\/vacancesmaurice.ch\/?post_type=product&#038;p=3257"},"modified":"2022-01-14T12:59:19","modified_gmt":"2022-01-14T11:59:19","slug":"naturparks-vanille-krokodil","status":"publish","type":"product","link":"https:\/\/vacancesmaurice.ch\/de\/boutique\/naturparks-vanille-krokodil\/","title":{"rendered":"Naturparks Vanille Krokodil"},"content":{"rendered":"<p>Der Park l\u00e4sst Sie den Reichtum des Indischen Ozeans entdecken. Sein tropischer Wald, seine Bananenb\u00e4ume und seine riesigen Bambusse bieten Unterschlupf f\u00fcr Geckos, Makaken, Erdm\u00e4nnchen und japanische Karpfen. Der Besuch des Parks ist ein wahres Vergn\u00fcgen f\u00fcr Gross und Klein.<\/p>\n","protected":false},"excerpt":{"rendered":"<p><em>*ab CHF 100.- pro Person (Verkehrsmittel inklusiv)<\/em><\/p>\n","protected":false},"featured_media":6429,"comment_status":"open","ping_status":"closed","template":"","meta":{"_acf_changed":false,"_et_pb_use_builder":"","_et_pb_old_content":"","_et_gb_content_width":"","om_disable_all_campaigns":false,"_monsterinsights_skip_tracking":false,"_monsterinsights_sitenote_active":false,"_monsterinsights_sitenote_note":"","_monsterinsights_sitenote_category":0,"_uf_show_specific_survey":0,"_uf_disable_surveys":false},"product_brand":[],"product_cat":[323,173],"product_tag":[],"mwb_booking_cost":[],"mwb_booking_service":[],"class_list":{"0":"post-3257","1":"product","2":"type-product","3":"status-publish","4":"has-post-thumbnail","6":"product_cat-aktivitaeten","7":"product_cat-terre-fr-en-de","9":"first","10":"instock","11":"sale","12":"virtual","13":"taxable","14":"purchasable","15":"product-type-simple"},"acf":[],"aioseo_notices":[],"_links":{"self":[{"href":"https:\/\/vacancesmaurice.ch\/de\/wp-json\/wp\/v2\/product\/3257","targetHints":{"allow":["GET"]}}],"collection":[{"href":"https:\/\/vacancesmaurice.ch\/de\/wp-json\/wp\/v2\/product"}],"about":[{"href":"https:\/\/vacancesmaurice.ch\/de\/wp-json\/wp\/v2\/types\/product"}],"replies":[{"embeddable":true,"href":"https:\/\/vacancesmaurice.ch\/de\/wp-json\/wp\/v2\/comments?post=3257"}],"wp:featuredmedia":[{"embeddable":true,"href":"https:\/\/vacancesmaurice.ch\/de\/wp-json\/wp\/v2\/media\/6429"}],"wp:attachment":[{"href":"https:\/\/vacancesmaurice.ch\/de\/wp-json\/wp\/v2\/media?parent=3257"}],"wp:term":[{"taxonomy":"product_brand","embeddable":true,"href":"https:\/\/vacancesmaurice.ch\/de\/wp-json\/wp\/v2\/product_brand?post=3257"},{"taxonomy":"product_cat","embeddable":true,"href":"https:\/\/vacancesmaurice.ch\/de\/wp-json\/wp\/v2\/product_cat?post=3257"},{"taxonomy":"product_tag","embeddable":true,"href":"https:\/\/vacancesmaurice.ch\/de\/wp-json\/wp\/v2\/product_tag?post=3257"},{"taxonomy":"mwb_booking_cost","embeddable":true,"href":"https:\/\/vacancesmaurice.ch\/de\/wp-json\/wp\/v2\/mwb_booking_cost?post=3257"},{"taxonomy":"mwb_booking_service","embeddable":true,"href":"https:\/\/vacancesmaurice.ch\/de\/wp-json\/wp\/v2\/mwb_booking_service?post=3257"}],"curies":[{"name":"wp","href":"https:\/\/api.w.org\/{rel}","templated":true}]}}