{"id":3259,"date":"2017-07-29T14:38:01","date_gmt":"2017-08-26T18:20:20","guid":{"rendered":"http:\/\/vacancesmaurice.ch\/?post_type=product&#038;p=3259"},"modified":"2018-06-30T00:06:35","modified_gmt":"2018-06-29T22:06:35","slug":"besuch-von-port-louis","status":"publish","type":"product","link":"https:\/\/vacancesmaurice.ch\/de\/boutique\/besuch-von-port-louis\/","title":{"rendered":"Besuch von Port-Louis"},"content":{"rendered":"<p>Ihr Ausflug beginnt am Place d&#8217;Armes und seinen umgedrehten Kanonen, die den Frieden symbolisieren sollen. Dieser stellt eine breite, angenehme Allee mit Palmen dar, in dessen Umgebung sich das \u00e4lteste Theater des Indischen Ozeans und der Regierungssitz befinden. Ein weiteres Muss ist der zentrale Markt von Port Louis. Auf dem zentralen Markt finden Sie diverse handgearbeitete Produkte und Sie k\u00f6nnen sogar die indischen Cr\u00eapes \u201eDholl Puri\u201c sowie das lokale Getr\u00e4nk \u201eAlouda\u201c kosten. Sie k\u00f6nnen sich ausserdem Kleidung, Obst, Gem\u00fcse, Gew\u00fcrze und sogar Heilpflanzen kaufen, die jegliche Leiden lindern. Im Herzen dieser Kolonialstadt befindet sich ein kleines Dorf, Chinatown, das durch seine Struktur im krassen Gegensatz zu derjenigen steht, die vorherrschend in der Stadt zu sein scheint. Mit seinen vielen chinesischen Restaurants, traditionellen Apotheken, Gesch\u00e4ften, Imbissbuden an jeder Stra\u00dfenecke und anderen kleinen traditionellen Gesch\u00e4ften, bietet dieses kleine Dorf einen Einblick in die asiatische Kultur und Sie f\u00fchlen sich in k\u00fcrzester Zeit wie im Fernen Osten.<\/p>\n<p>Der Ausflug endet in Caudan. Die Seepromenade ist sehr angenehm und dort befinden sich Kleiderboutiquen, Shopping-Center und zahlreiche Restaurants. Sie k\u00f6nnen entspannt einkaufen gehen und in Ruhe ein Eis oder sogar einen Braten geniessen. Ausserdem befinden sich dort zahlreiche Bars, Kinos, Duty-free Boutiquen sowie ein Kasino. Dies ist einer der beliebtesten Orte der Touristen aber auch der Mauritier. Alle grossen internationalen Marken haben ein Gesch\u00e4ft an der Seepromenade.<\/p>\n<p>16:00 Uhr: R\u00fcckfahrt zum Azuri<\/p>\n","protected":false},"excerpt":{"rendered":"<p><em>*ab CHF 75.- pro Person (Verkehrsmittel inklusive)<\/em><\/p>\n","protected":false},"featured_media":1077,"comment_status":"open","ping_status":"closed","template":"","meta":{"_acf_changed":false,"_et_pb_use_builder":"","_et_pb_old_content":"","_et_gb_content_width":"","om_disable_all_campaigns":false,"_monsterinsights_skip_tracking":false,"_monsterinsights_sitenote_active":false,"_monsterinsights_sitenote_note":"","_monsterinsights_sitenote_category":0,"_uf_show_specific_survey":0,"_uf_disable_surveys":false},"product_brand":[],"product_cat":[323,173],"product_tag":[],"mwb_booking_cost":[],"mwb_booking_service":[],"class_list":{"0":"post-3259","1":"product","2":"type-product","3":"status-publish","4":"has-post-thumbnail","6":"product_cat-aktivitaeten","7":"product_cat-terre-fr-en-de","9":"first","10":"instock","11":"sale","12":"virtual","13":"taxable","14":"purchasable","15":"product-type-simple"},"acf":[],"aioseo_notices":[],"_links":{"self":[{"href":"https:\/\/vacancesmaurice.ch\/de\/wp-json\/wp\/v2\/product\/3259","targetHints":{"allow":["GET"]}}],"collection":[{"href":"https:\/\/vacancesmaurice.ch\/de\/wp-json\/wp\/v2\/product"}],"about":[{"href":"https:\/\/vacancesmaurice.ch\/de\/wp-json\/wp\/v2\/types\/product"}],"replies":[{"embeddable":true,"href":"https:\/\/vacancesmaurice.ch\/de\/wp-json\/wp\/v2\/comments?post=3259"}],"wp:featuredmedia":[{"embeddable":true,"href":"https:\/\/vacancesmaurice.ch\/de\/wp-json\/wp\/v2\/media\/1077"}],"wp:attachment":[{"href":"https:\/\/vacancesmaurice.ch\/de\/wp-json\/wp\/v2\/media?parent=3259"}],"wp:term":[{"taxonomy":"product_brand","embeddable":true,"href":"https:\/\/vacancesmaurice.ch\/de\/wp-json\/wp\/v2\/product_brand?post=3259"},{"taxonomy":"product_cat","embeddable":true,"href":"https:\/\/vacancesmaurice.ch\/de\/wp-json\/wp\/v2\/product_cat?post=3259"},{"taxonomy":"product_tag","embeddable":true,"href":"https:\/\/vacancesmaurice.ch\/de\/wp-json\/wp\/v2\/product_tag?post=3259"},{"taxonomy":"mwb_booking_cost","embeddable":true,"href":"https:\/\/vacancesmaurice.ch\/de\/wp-json\/wp\/v2\/mwb_booking_cost?post=3259"},{"taxonomy":"mwb_booking_service","embeddable":true,"href":"https:\/\/vacancesmaurice.ch\/de\/wp-json\/wp\/v2\/mwb_booking_service?post=3259"}],"curies":[{"name":"wp","href":"https:\/\/api.w.org\/{rel}","templated":true}]}}