{"id":3260,"date":"2017-07-29T14:50:40","date_gmt":"2017-08-26T18:28:04","guid":{"rendered":"http:\/\/vacancesmaurice.ch\/?post_type=product&#038;p=3260"},"modified":"2022-01-14T12:44:24","modified_gmt":"2022-01-14T11:44:24","slug":"besuch-und-safari-tour-im-casela-naturpark","status":"publish","type":"product","link":"https:\/\/vacancesmaurice.ch\/de\/boutique\/besuch-und-safari-tour-im-casela-naturpark\/","title":{"rendered":"Besuch und Safari-Tour im Casela Naturpark"},"content":{"rendered":"<p>Dieser nat\u00fcrliche Park ist ein wahres Reservat, das eine beeindruckende Fauna beherbergt aber auch einen einzigartigen, gesch\u00fctzten Lebensraum f\u00fcr zahlreiche Pflanzenarten bietet, die ausschliesslich dort vorzufinden sind, wie z.B. der Ebenholzbaum. Zudem sind dort zahlreiche Tierarten anzutreffen, die Sie teilweise nur per Zufall entdecken k\u00f6nnen. Es erwarten Sie Tierarten, die ausschliesslich dort vorkommen oder andere exotischen Tiere der Insel, wie etwa die Mauritius-Rosataube. Der Park bietet Ihnen eine Vielzahl von Tierarten: L\u00f6wen, Zebras, Strausse, Riesenschildkr\u00f6ten, Makaken, Geparde, 1500 Arten von V\u00f6geln, aber auch Wildschweine, Hirsche und afrikanische Antilopen&#8230;<\/p>\n","protected":false},"excerpt":{"rendered":"<p><em>*ab CHF 100.- pro Person (Verkehrsmittel inklusive)<\/em><\/p>\n","protected":false},"featured_media":6463,"comment_status":"open","ping_status":"closed","template":"","meta":{"_acf_changed":false,"_et_pb_use_builder":"","_et_pb_old_content":"","_et_gb_content_width":"","om_disable_all_campaigns":false,"_monsterinsights_skip_tracking":false,"_monsterinsights_sitenote_active":false,"_monsterinsights_sitenote_note":"","_monsterinsights_sitenote_category":0,"_uf_show_specific_survey":0,"_uf_disable_surveys":false},"product_brand":[],"product_cat":[323,173],"product_tag":[],"mwb_booking_cost":[],"mwb_booking_service":[],"class_list":{"0":"post-3260","1":"product","2":"type-product","3":"status-publish","4":"has-post-thumbnail","6":"product_cat-aktivitaeten","7":"product_cat-terre-fr-en-de","9":"first","10":"instock","11":"sale","12":"virtual","13":"taxable","14":"purchasable","15":"product-type-simple"},"acf":[],"aioseo_notices":[],"_links":{"self":[{"href":"https:\/\/vacancesmaurice.ch\/de\/wp-json\/wp\/v2\/product\/3260","targetHints":{"allow":["GET"]}}],"collection":[{"href":"https:\/\/vacancesmaurice.ch\/de\/wp-json\/wp\/v2\/product"}],"about":[{"href":"https:\/\/vacancesmaurice.ch\/de\/wp-json\/wp\/v2\/types\/product"}],"replies":[{"embeddable":true,"href":"https:\/\/vacancesmaurice.ch\/de\/wp-json\/wp\/v2\/comments?post=3260"}],"wp:featuredmedia":[{"embeddable":true,"href":"https:\/\/vacancesmaurice.ch\/de\/wp-json\/wp\/v2\/media\/6463"}],"wp:attachment":[{"href":"https:\/\/vacancesmaurice.ch\/de\/wp-json\/wp\/v2\/media?parent=3260"}],"wp:term":[{"taxonomy":"product_brand","embeddable":true,"href":"https:\/\/vacancesmaurice.ch\/de\/wp-json\/wp\/v2\/product_brand?post=3260"},{"taxonomy":"product_cat","embeddable":true,"href":"https:\/\/vacancesmaurice.ch\/de\/wp-json\/wp\/v2\/product_cat?post=3260"},{"taxonomy":"product_tag","embeddable":true,"href":"https:\/\/vacancesmaurice.ch\/de\/wp-json\/wp\/v2\/product_tag?post=3260"},{"taxonomy":"mwb_booking_cost","embeddable":true,"href":"https:\/\/vacancesmaurice.ch\/de\/wp-json\/wp\/v2\/mwb_booking_cost?post=3260"},{"taxonomy":"mwb_booking_service","embeddable":true,"href":"https:\/\/vacancesmaurice.ch\/de\/wp-json\/wp\/v2\/mwb_booking_service?post=3260"}],"curies":[{"name":"wp","href":"https:\/\/api.w.org\/{rel}","templated":true}]}}