{"id":3644,"date":"2017-12-02T19:57:43","date_gmt":"2017-12-02T19:32:28","guid":{"rendered":"http:\/\/vacancesmaurice.ch\/?post_type=product&#038;p=3644"},"modified":"2022-01-14T12:36:42","modified_gmt":"2022-01-14T11:36:42","slug":"parasailing","status":"publish","type":"product","link":"https:\/\/vacancesmaurice.ch\/de\/boutique\/parasailing\/","title":{"rendered":"Parasailing und Unterwasserspaziergang"},"content":{"rendered":"<p>Sie werden auf einer kurzen Bootsfahrt vor der K\u00fcste genommen;<\/span> <span class=\"\">Sie gehen mit einer Leiter zum Meeresboden, Sie k\u00f6nnen normal atmen und Sie sind bereit, Ihren Spaziergang in einer Tiefe von 2,5 &#8211; 3 Metern zu geniessen.<\/span> <span class=\"\">Der Helm h\u00e4lt den Kopf v\u00f6llig trocken, so dass Sie sogar Brillen oder Kontakte tragen k\u00f6nnen.<\/span><\/span><\/p>\n<p>Gleitschirmfliegen bieten Ihnen eine atemberaubende Vogelperspektive auf die wundersch\u00f6nen Lagune und Str\u00e4nde von Mauritius, ist eines der besten Dinge im Urlaub in Mauritius.<\/p>\n<p><span id=\"result_box\" class=\"short_text\" lang=\"de\"><span class=\"\">Weitere Informationen finden Sie auf der Webseite<\/span><\/span>: <a href=\"http:\/\/www.seamandiving.com\" target=\"_blank\" rel=\"noopener\">www.seamandiving.com<\/a><\/p>\n","protected":false},"excerpt":{"rendered":"<p><em>*ab CHF 150.- pro Person (Verkehrsmittel inklusive)<br \/>\n<\/em><\/p>\n","protected":false},"featured_media":5852,"comment_status":"open","ping_status":"closed","template":"","meta":{"_acf_changed":false,"_et_pb_use_builder":"","_et_pb_old_content":"","_et_gb_content_width":"","om_disable_all_campaigns":false,"_monsterinsights_skip_tracking":false,"_monsterinsights_sitenote_active":false,"_monsterinsights_sitenote_note":"","_monsterinsights_sitenote_category":0,"_uf_show_specific_survey":0,"_uf_disable_surveys":false},"product_brand":[],"product_cat":[323,179],"product_tag":[],"mwb_booking_cost":[],"mwb_booking_service":[],"class_list":{"0":"post-3644","1":"product","2":"type-product","3":"status-publish","4":"has-post-thumbnail","6":"product_cat-aktivitaeten","7":"product_cat-mer-fr-en-de","9":"first","10":"instock","11":"sale","12":"virtual","13":"taxable","14":"purchasable","15":"product-type-simple"},"acf":[],"aioseo_notices":[],"_links":{"self":[{"href":"https:\/\/vacancesmaurice.ch\/de\/wp-json\/wp\/v2\/product\/3644","targetHints":{"allow":["GET"]}}],"collection":[{"href":"https:\/\/vacancesmaurice.ch\/de\/wp-json\/wp\/v2\/product"}],"about":[{"href":"https:\/\/vacancesmaurice.ch\/de\/wp-json\/wp\/v2\/types\/product"}],"replies":[{"embeddable":true,"href":"https:\/\/vacancesmaurice.ch\/de\/wp-json\/wp\/v2\/comments?post=3644"}],"wp:featuredmedia":[{"embeddable":true,"href":"https:\/\/vacancesmaurice.ch\/de\/wp-json\/wp\/v2\/media\/5852"}],"wp:attachment":[{"href":"https:\/\/vacancesmaurice.ch\/de\/wp-json\/wp\/v2\/media?parent=3644"}],"wp:term":[{"taxonomy":"product_brand","embeddable":true,"href":"https:\/\/vacancesmaurice.ch\/de\/wp-json\/wp\/v2\/product_brand?post=3644"},{"taxonomy":"product_cat","embeddable":true,"href":"https:\/\/vacancesmaurice.ch\/de\/wp-json\/wp\/v2\/product_cat?post=3644"},{"taxonomy":"product_tag","embeddable":true,"href":"https:\/\/vacancesmaurice.ch\/de\/wp-json\/wp\/v2\/product_tag?post=3644"},{"taxonomy":"mwb_booking_cost","embeddable":true,"href":"https:\/\/vacancesmaurice.ch\/de\/wp-json\/wp\/v2\/mwb_booking_cost?post=3644"},{"taxonomy":"mwb_booking_service","embeddable":true,"href":"https:\/\/vacancesmaurice.ch\/de\/wp-json\/wp\/v2\/mwb_booking_service?post=3644"}],"curies":[{"name":"wp","href":"https:\/\/api.w.org\/{rel}","templated":true}]}}