{"id":3661,"date":"2017-12-03T20:17:51","date_gmt":"2017-12-03T20:13:35","guid":{"rendered":"http:\/\/vacancesmaurice.ch\/?post_type=product&#038;p=3661"},"modified":"2022-01-14T12:36:02","modified_gmt":"2022-01-14T11:36:02","slug":"kitesurfen","status":"publish","type":"product","link":"https:\/\/vacancesmaurice.ch\/de\/boutique\/kitesurfen\/","title":{"rendered":"Kitesurfen"},"content":{"rendered":"<p>Dank seines gem\u00e4ssigten tropischen Klimas ist Mauritius fast das ganze Jahr \u00fcber ein wahres Paradies f\u00fcr Kitesurfer. Mauritius und seine 300 km lange K\u00fcste sind f\u00fcr Reiter aller K\u00f6nnerstufen zug\u00e4nglich und bieten unglaubliche Orte, die Sie w\u00e4hrend Ihres Aufenthalts auf dieser magischen Insel entdecken k\u00f6nnen.<\/span><\/span><\/span><\/span><\/p>\n<p><span id=\"result_box\" class=\"\" lang=\"de\"><span class=\"\">Bitte besuchen Sie die Website f\u00fcr weitere Informationen<\/span><\/span>: <a href=\"http:\/\/www.mauritius-kitesurf.com\" target=\"_blank\" rel=\"noopener\">www.mauritius-kitesurf.com<\/a><\/p>\n","protected":false},"excerpt":{"rendered":"<p><em>*ab CHF 200.- pro Person f\u00fcr 3 Stunden (Verkehr inklusive)<br \/>\n<\/em><\/p>\n","protected":false},"featured_media":5856,"comment_status":"open","ping_status":"closed","template":"","meta":{"_acf_changed":false,"_et_pb_use_builder":"","_et_pb_old_content":"","_et_gb_content_width":"","om_disable_all_campaigns":false,"_monsterinsights_skip_tracking":false,"_monsterinsights_sitenote_active":false,"_monsterinsights_sitenote_note":"","_monsterinsights_sitenote_category":0,"_uf_show_specific_survey":0,"_uf_disable_surveys":false},"product_brand":[],"product_cat":[323,179],"product_tag":[],"mwb_booking_cost":[],"mwb_booking_service":[],"class_list":{"0":"post-3661","1":"product","2":"type-product","3":"status-publish","4":"has-post-thumbnail","6":"product_cat-aktivitaeten","7":"product_cat-mer-fr-en-de","9":"first","10":"instock","11":"sale","12":"virtual","13":"taxable","14":"purchasable","15":"product-type-simple"},"acf":[],"aioseo_notices":[],"_links":{"self":[{"href":"https:\/\/vacancesmaurice.ch\/de\/wp-json\/wp\/v2\/product\/3661","targetHints":{"allow":["GET"]}}],"collection":[{"href":"https:\/\/vacancesmaurice.ch\/de\/wp-json\/wp\/v2\/product"}],"about":[{"href":"https:\/\/vacancesmaurice.ch\/de\/wp-json\/wp\/v2\/types\/product"}],"replies":[{"embeddable":true,"href":"https:\/\/vacancesmaurice.ch\/de\/wp-json\/wp\/v2\/comments?post=3661"}],"wp:featuredmedia":[{"embeddable":true,"href":"https:\/\/vacancesmaurice.ch\/de\/wp-json\/wp\/v2\/media\/5856"}],"wp:attachment":[{"href":"https:\/\/vacancesmaurice.ch\/de\/wp-json\/wp\/v2\/media?parent=3661"}],"wp:term":[{"taxonomy":"product_brand","embeddable":true,"href":"https:\/\/vacancesmaurice.ch\/de\/wp-json\/wp\/v2\/product_brand?post=3661"},{"taxonomy":"product_cat","embeddable":true,"href":"https:\/\/vacancesmaurice.ch\/de\/wp-json\/wp\/v2\/product_cat?post=3661"},{"taxonomy":"product_tag","embeddable":true,"href":"https:\/\/vacancesmaurice.ch\/de\/wp-json\/wp\/v2\/product_tag?post=3661"},{"taxonomy":"mwb_booking_cost","embeddable":true,"href":"https:\/\/vacancesmaurice.ch\/de\/wp-json\/wp\/v2\/mwb_booking_cost?post=3661"},{"taxonomy":"mwb_booking_service","embeddable":true,"href":"https:\/\/vacancesmaurice.ch\/de\/wp-json\/wp\/v2\/mwb_booking_service?post=3661"}],"curies":[{"name":"wp","href":"https:\/\/api.w.org\/{rel}","templated":true}]}}