{"id":3677,"date":"2017-12-09T20:18:19","date_gmt":"2017-12-09T19:51:56","guid":{"rendered":"http:\/\/vacancesmaurice.ch\/?post_type=product&#038;p=3677"},"modified":"2022-01-14T12:34:57","modified_gmt":"2022-01-14T11:34:57","slug":"tandem-fallschirmsprung","status":"publish","type":"product","link":"https:\/\/vacancesmaurice.ch\/de\/boutique\/tandem-fallschirmsprung\/","title":{"rendered":"Tandem-Fallschirmsprung"},"content":{"rendered":"<p>Neben einem unvergesslichen Abenteuer mit einem Tandem-Fallschirmsprung geniessen Sie einen spektakul\u00e4ren Flug \u00fcber Mauritius.<\/span><\/span><\/p>\n<p><span class=\"\">Steigen Sie in den Zuckerrohrfeldern von Mon Loisir aus, um dann \u00fcber die herrlichen Lagunen und gewundenen Riffe der North Shore zu fliegen, wo sich intensives Blau und Gr\u00fcn vermischen und Mauritius zu einem der paradiesischsten der Welt macht.<\/span><\/p>\n<p><span class=\"\">Sie werden von einem hochmodernen Ger\u00e4t an Ihren professionellen und erfahrenen Instruktor angeschlossen, Sie verlassen das Flugzeug auf 3000 Meter H\u00f6he f\u00fcr 30 Sekunden im freien Fall mit 200 km pro Stunde.<\/span><\/p>\n<p>Bitte besuchen Sie f\u00fcr mehr informationen auf der Webseite: <a href=\"http:\/\/www.skydivemauritius.com\" target=\"_blank\" rel=\"noopener\">www.skydivemauritius.com<\/a><\/p>\n","protected":false},"excerpt":{"rendered":"<p><em>*ab CHF 450.- pro Person (Verkhersmittel inklusive)<br \/>\n<\/em><\/p>\n","protected":false},"featured_media":5876,"comment_status":"open","ping_status":"closed","template":"","meta":{"_acf_changed":false,"_et_pb_use_builder":"","_et_pb_old_content":"","_et_gb_content_width":"","om_disable_all_campaigns":false,"_monsterinsights_skip_tracking":false,"_monsterinsights_sitenote_active":false,"_monsterinsights_sitenote_note":"","_monsterinsights_sitenote_category":0,"_uf_show_specific_survey":0,"_uf_disable_surveys":false},"product_brand":[],"product_cat":[323,314],"product_tag":[],"mwb_booking_cost":[],"mwb_booking_service":[],"class_list":{"0":"post-3677","1":"product","2":"type-product","3":"status-publish","4":"has-post-thumbnail","6":"product_cat-aktivitaeten","7":"product_cat-uncategorized-de-2","9":"first","10":"instock","11":"sale","12":"virtual","13":"taxable","14":"purchasable","15":"product-type-simple"},"acf":[],"aioseo_notices":[],"_links":{"self":[{"href":"https:\/\/vacancesmaurice.ch\/de\/wp-json\/wp\/v2\/product\/3677","targetHints":{"allow":["GET"]}}],"collection":[{"href":"https:\/\/vacancesmaurice.ch\/de\/wp-json\/wp\/v2\/product"}],"about":[{"href":"https:\/\/vacancesmaurice.ch\/de\/wp-json\/wp\/v2\/types\/product"}],"replies":[{"embeddable":true,"href":"https:\/\/vacancesmaurice.ch\/de\/wp-json\/wp\/v2\/comments?post=3677"}],"wp:featuredmedia":[{"embeddable":true,"href":"https:\/\/vacancesmaurice.ch\/de\/wp-json\/wp\/v2\/media\/5876"}],"wp:attachment":[{"href":"https:\/\/vacancesmaurice.ch\/de\/wp-json\/wp\/v2\/media?parent=3677"}],"wp:term":[{"taxonomy":"product_brand","embeddable":true,"href":"https:\/\/vacancesmaurice.ch\/de\/wp-json\/wp\/v2\/product_brand?post=3677"},{"taxonomy":"product_cat","embeddable":true,"href":"https:\/\/vacancesmaurice.ch\/de\/wp-json\/wp\/v2\/product_cat?post=3677"},{"taxonomy":"product_tag","embeddable":true,"href":"https:\/\/vacancesmaurice.ch\/de\/wp-json\/wp\/v2\/product_tag?post=3677"},{"taxonomy":"mwb_booking_cost","embeddable":true,"href":"https:\/\/vacancesmaurice.ch\/de\/wp-json\/wp\/v2\/mwb_booking_cost?post=3677"},{"taxonomy":"mwb_booking_service","embeddable":true,"href":"https:\/\/vacancesmaurice.ch\/de\/wp-json\/wp\/v2\/mwb_booking_service?post=3677"}],"curies":[{"name":"wp","href":"https:\/\/api.w.org\/{rel}","templated":true}]}}