{"id":3684,"date":"2017-12-09T21:18:55","date_gmt":"2017-12-09T20:51:59","guid":{"rendered":"http:\/\/vacancesmaurice.ch\/?post_type=product&#038;p=3684"},"modified":"2022-02-10T11:07:38","modified_gmt":"2022-02-10T10:07:38","slug":"fahren-mit-dem-quad","status":"publish","type":"product","link":"https:\/\/vacancesmaurice.ch\/de\/boutique\/fahren-mit-dem-quad\/","title":{"rendered":"Fahren mit dem Quad"},"content":{"rendered":"<p>Geniessen Sie abseits der ausgetretenen Pfade durch die unber\u00fchrten W\u00e4lder der wundersch\u00f6nen Nordregion von Mauritius in einem Quad Buggy. Erfahrene Gel\u00e4nde-Freizeitf\u00fchrer bieten Aktivit\u00e4ten f\u00fcr die ganze Familie.<br \/>\nBitte besuchen auf der Webseite: <a href=\"http:\/\/www.fundrive-mauritius.com\" target=\"_blank\" rel=\"noopener\">www.fundrive-mauritius.com<\/a><\/p>\n","protected":false},"excerpt":{"rendered":"<p><em>*Ab CHF 250.- pro Person (Verkehrsmittel inklusive)<br \/>\n<\/em><\/p>\n","protected":false},"featured_media":5878,"comment_status":"open","ping_status":"closed","template":"","meta":{"_acf_changed":false,"_et_pb_use_builder":"","_et_pb_old_content":"","_et_gb_content_width":"","om_disable_all_campaigns":false,"_monsterinsights_skip_tracking":false,"_monsterinsights_sitenote_active":false,"_monsterinsights_sitenote_note":"","_monsterinsights_sitenote_category":0,"_uf_show_specific_survey":0,"_uf_disable_surveys":false},"product_brand":[],"product_cat":[322,170],"product_tag":[],"mwb_booking_cost":[],"mwb_booking_service":[],"class_list":{"0":"post-3684","1":"product","2":"type-product","3":"status-publish","4":"has-post-thumbnail","6":"product_cat-activities","7":"product_cat-terre-fr-en","9":"first","10":"instock","11":"sale","12":"virtual","13":"taxable","14":"purchasable","15":"product-type-simple"},"acf":[],"aioseo_notices":[],"_links":{"self":[{"href":"https:\/\/vacancesmaurice.ch\/de\/wp-json\/wp\/v2\/product\/3684","targetHints":{"allow":["GET"]}}],"collection":[{"href":"https:\/\/vacancesmaurice.ch\/de\/wp-json\/wp\/v2\/product"}],"about":[{"href":"https:\/\/vacancesmaurice.ch\/de\/wp-json\/wp\/v2\/types\/product"}],"replies":[{"embeddable":true,"href":"https:\/\/vacancesmaurice.ch\/de\/wp-json\/wp\/v2\/comments?post=3684"}],"wp:featuredmedia":[{"embeddable":true,"href":"https:\/\/vacancesmaurice.ch\/de\/wp-json\/wp\/v2\/media\/5878"}],"wp:attachment":[{"href":"https:\/\/vacancesmaurice.ch\/de\/wp-json\/wp\/v2\/media?parent=3684"}],"wp:term":[{"taxonomy":"product_brand","embeddable":true,"href":"https:\/\/vacancesmaurice.ch\/de\/wp-json\/wp\/v2\/product_brand?post=3684"},{"taxonomy":"product_cat","embeddable":true,"href":"https:\/\/vacancesmaurice.ch\/de\/wp-json\/wp\/v2\/product_cat?post=3684"},{"taxonomy":"product_tag","embeddable":true,"href":"https:\/\/vacancesmaurice.ch\/de\/wp-json\/wp\/v2\/product_tag?post=3684"},{"taxonomy":"mwb_booking_cost","embeddable":true,"href":"https:\/\/vacancesmaurice.ch\/de\/wp-json\/wp\/v2\/mwb_booking_cost?post=3684"},{"taxonomy":"mwb_booking_service","embeddable":true,"href":"https:\/\/vacancesmaurice.ch\/de\/wp-json\/wp\/v2\/mwb_booking_service?post=3684"}],"curies":[{"name":"wp","href":"https:\/\/api.w.org\/{rel}","templated":true}]}}