{"id":3721,"date":"2018-01-14T19:35:01","date_gmt":"2018-01-21T20:22:21","guid":{"rendered":"http:\/\/vacancesmaurice.ch\/?post_type=product&#038;p=3721"},"modified":"2022-02-10T11:05:35","modified_gmt":"2022-02-10T10:05:35","slug":"canyoning-3","status":"publish","type":"product","link":"https:\/\/vacancesmaurice.ch\/de\/boutique\/canyoning-3\/","title":{"rendered":"Canyoning"},"content":{"rendered":"<p>Canyoning ist eine Aktivit\u00e4t im Freien, die aus absteigenden Wildb\u00e4chen, B\u00e4chen, Fl\u00fcssen, Canyons mit oder ohne st\u00e4ndige Anwesenheit von Wasser besteht und die Wasserf\u00e4lle, Pools und vertikale Teile haben kann. <span class=\"\">Kombinieren Sie Wandern, Schwimmen und Abseilen und entdecken Sie die malerischsten Landschaften der Insel.<\/span><\/span><\/p>\n<p><span class=\"\">Vielen Dank f\u00fcr Ihren Besuch auf unserer Partnerseite: <a href=\"http:\/\/www.otelair.com\/en\/canyoning.php\" target=\"_blank\" rel=\"noopener\">www.otelair.com<\/a><\/span><\/p>\n","protected":false},"excerpt":{"rendered":"<p><em>*ab CHF 200.- pro Person (Verkehrsmittel + <span id=\"result_box\" class=\"short_text\" lang=\"de\"><span class=\"\">F\u00fchrung inklusive<\/span><\/span>)<\/em><\/p>\n","protected":false},"featured_media":5900,"comment_status":"open","ping_status":"closed","template":"","meta":{"_acf_changed":false,"_et_pb_use_builder":"","_et_pb_old_content":"","_et_gb_content_width":"","om_disable_all_campaigns":false,"_monsterinsights_skip_tracking":false,"_monsterinsights_sitenote_active":false,"_monsterinsights_sitenote_note":"","_monsterinsights_sitenote_category":0,"_uf_show_specific_survey":0,"_uf_disable_surveys":false},"product_brand":[],"product_cat":[323,173],"product_tag":[],"mwb_booking_cost":[],"mwb_booking_service":[],"class_list":{"0":"post-3721","1":"product","2":"type-product","3":"status-publish","4":"has-post-thumbnail","6":"product_cat-aktivitaeten","7":"product_cat-terre-fr-en-de","9":"first","10":"instock","11":"sale","12":"virtual","13":"taxable","14":"purchasable","15":"product-type-simple"},"acf":[],"aioseo_notices":[],"_links":{"self":[{"href":"https:\/\/vacancesmaurice.ch\/de\/wp-json\/wp\/v2\/product\/3721","targetHints":{"allow":["GET"]}}],"collection":[{"href":"https:\/\/vacancesmaurice.ch\/de\/wp-json\/wp\/v2\/product"}],"about":[{"href":"https:\/\/vacancesmaurice.ch\/de\/wp-json\/wp\/v2\/types\/product"}],"replies":[{"embeddable":true,"href":"https:\/\/vacancesmaurice.ch\/de\/wp-json\/wp\/v2\/comments?post=3721"}],"wp:featuredmedia":[{"embeddable":true,"href":"https:\/\/vacancesmaurice.ch\/de\/wp-json\/wp\/v2\/media\/5900"}],"wp:attachment":[{"href":"https:\/\/vacancesmaurice.ch\/de\/wp-json\/wp\/v2\/media?parent=3721"}],"wp:term":[{"taxonomy":"product_brand","embeddable":true,"href":"https:\/\/vacancesmaurice.ch\/de\/wp-json\/wp\/v2\/product_brand?post=3721"},{"taxonomy":"product_cat","embeddable":true,"href":"https:\/\/vacancesmaurice.ch\/de\/wp-json\/wp\/v2\/product_cat?post=3721"},{"taxonomy":"product_tag","embeddable":true,"href":"https:\/\/vacancesmaurice.ch\/de\/wp-json\/wp\/v2\/product_tag?post=3721"},{"taxonomy":"mwb_booking_cost","embeddable":true,"href":"https:\/\/vacancesmaurice.ch\/de\/wp-json\/wp\/v2\/mwb_booking_cost?post=3721"},{"taxonomy":"mwb_booking_service","embeddable":true,"href":"https:\/\/vacancesmaurice.ch\/de\/wp-json\/wp\/v2\/mwb_booking_service?post=3721"}],"curies":[{"name":"wp","href":"https:\/\/api.w.org\/{rel}","templated":true}]}}