{"id":3999,"date":"2018-06-03T15:15:21","date_gmt":"2018-06-21T09:14:10","guid":{"rendered":"http:\/\/vacancesmaurice.ch\/?post_type=product&#038;p=3999"},"modified":"2023-01-27T16:34:29","modified_gmt":"2023-01-27T15:34:29","slug":"entdeckungstour-kite-surfen","status":"publish","type":"product","link":"https:\/\/vacancesmaurice.ch\/de\/boutique\/entdeckungstour-kite-surfen\/","title":{"rendered":"Entdeckungstour Kite-Surfen"},"content":{"rendered":"<p>[et_pb_section fb_built=&#8220;1&#8243; _builder_version=&#8220;4.19.4&#8243; _module_preset=&#8220;default&#8220; global_colors_info=&#8220;{}&#8220;][\/et_pb_section]<\/p>\n","protected":false},"excerpt":{"rendered":"<p><span class=\"et-waypoint et_pb_animation_top et_pb_animation_top_tablet et_pb_animation_top_phone et-pb-icon et-animated\" style=\"font-size: 25px; vertical-align: sub;\">}\u00a0<\/span><span style=\"font-size: 18px; font-weight: bold;\">6 Tage\/7 N\u00e4chte<\/span><\/p>\n<p>*Ab CHF 2990.-Pro Person<\/p>\n<p><em>Mauritius anders surfen&#8230;<\/em><\/p>\n","protected":false},"featured_media":5860,"comment_status":"open","ping_status":"closed","template":"","meta":{"_acf_changed":false,"_et_pb_use_builder":"on","_et_pb_old_content":"<em>* Ab CHF 2990.- pro Person.<\/em>\r\n\r\n<em>Anzahl der Teilnehmer: ab 2<\/em>\r\n\r\n<em>Der Preis beinhaltet<\/em>:\r\n<ul>\r\n \t<li>Direktflug in der Economy-Klasse<\/li>\r\n \t<li>Transfer vom Flughafen zu Ihrer Unterkunft und zur\u00fcck<\/li>\r\n \t<li>Unterkunft mit Halbpension<\/li>\r\n \t<li>Fahrt im klimatisierten Auto oder Minibus<\/li>\r\n \t<li>3 x 4 Stunden Kitekurs<\/li>\r\n \t<li>3 Sitzungen auf dem Meer von einem Boot aus und zuvor eine Sitzung an Land f\u00fcr den theoretischen Unterricht, das Kennenlernen der Ausr\u00fcstung und den Umgang mit dem Segel.<\/li>\r\n \t<li>Qualitativ hochwertiger Lehrer mit Ausbildung zum Kite-Schein.<\/li>\r\n \t<li>Miete der Kiteausr\u00fcstung inklusive (Neoprenanz\u00fcge, Kite, Kite, Trapez, Weste, Helm, Haftpflichtversicherung...).<\/li>\r\n \t<li>Der angegebene Preis ist inklusive aller Steuern (inkl. MwSt.).<\/li>\r\n<\/ul>\r\n<em>Nicht inbegriffen sind:<\/em>\r\n<ul>\r\n \t<li>Pers\u00f6nliche Ausgaben, nicht erw\u00e4hnte Mahlzeiten und Getr\u00e4nke.<\/li>\r\n \t<li>Reiser\u00fccktrittsversicherung und Gep\u00e4ckversicherung<\/li>\r\n \t<li>Bearbeitungsgeb\u00fchren und Zahlung per Kreditkarte<\/li>\r\n<\/ul>\r\n<em>Information:<\/em>\r\n<ul>\r\n \t<li>Kinder unter 2 Jahren sind kostenlos, d. h. Flug und Pauschalreise.<\/li>\r\n<\/ul>","_et_gb_content_width":"","om_disable_all_campaigns":false,"_monsterinsights_skip_tracking":false,"_monsterinsights_sitenote_active":false,"_monsterinsights_sitenote_note":"","_monsterinsights_sitenote_category":0,"_uf_show_specific_survey":0,"_uf_disable_surveys":false},"product_brand":[],"product_cat":[347,337],"product_tag":[],"mwb_booking_cost":[],"mwb_booking_service":[],"class_list":{"0":"post-3999","1":"product","2":"type-product","3":"status-publish","4":"has-post-thumbnail","6":"product_cat-booking-de","7":"product_cat-entdeckungstour","9":"first","10":"instock","11":"virtual","12":"taxable","13":"purchasable","14":"product-type-mwb_booking"},"acf":[],"aioseo_notices":[],"_links":{"self":[{"href":"https:\/\/vacancesmaurice.ch\/de\/wp-json\/wp\/v2\/product\/3999","targetHints":{"allow":["GET"]}}],"collection":[{"href":"https:\/\/vacancesmaurice.ch\/de\/wp-json\/wp\/v2\/product"}],"about":[{"href":"https:\/\/vacancesmaurice.ch\/de\/wp-json\/wp\/v2\/types\/product"}],"replies":[{"embeddable":true,"href":"https:\/\/vacancesmaurice.ch\/de\/wp-json\/wp\/v2\/comments?post=3999"}],"wp:featuredmedia":[{"embeddable":true,"href":"https:\/\/vacancesmaurice.ch\/de\/wp-json\/wp\/v2\/media\/5860"}],"wp:attachment":[{"href":"https:\/\/vacancesmaurice.ch\/de\/wp-json\/wp\/v2\/media?parent=3999"}],"wp:term":[{"taxonomy":"product_brand","embeddable":true,"href":"https:\/\/vacancesmaurice.ch\/de\/wp-json\/wp\/v2\/product_brand?post=3999"},{"taxonomy":"product_cat","embeddable":true,"href":"https:\/\/vacancesmaurice.ch\/de\/wp-json\/wp\/v2\/product_cat?post=3999"},{"taxonomy":"product_tag","embeddable":true,"href":"https:\/\/vacancesmaurice.ch\/de\/wp-json\/wp\/v2\/product_tag?post=3999"},{"taxonomy":"mwb_booking_cost","embeddable":true,"href":"https:\/\/vacancesmaurice.ch\/de\/wp-json\/wp\/v2\/mwb_booking_cost?post=3999"},{"taxonomy":"mwb_booking_service","embeddable":true,"href":"https:\/\/vacancesmaurice.ch\/de\/wp-json\/wp\/v2\/mwb_booking_service?post=3999"}],"curies":[{"name":"wp","href":"https:\/\/api.w.org\/{rel}","templated":true}]}}