{"id":4269,"date":"2020-08-15T14:23:11","date_gmt":"2020-08-15T12:23:11","guid":{"rendered":"http:\/\/vacancesmaurice.ch\/?post_type=product&#038;p=4269"},"modified":"2023-01-23T11:26:27","modified_gmt":"2023-01-23T10:26:27","slug":"30jours","status":"publish","type":"product","link":"https:\/\/vacancesmaurice.ch\/en\/boutique\/30jours\/","title":{"rendered":"30 jours"},"content":{"rendered":"<p><em>* A partir de CHF 5000.- par personne<br \/>\n<\/em><\/p>\n<p>Nb. de participants:\u00a0 \u00e0 partir de 2<\/p>\n<p><em>Le prix comprend:<\/em><\/p>\n<ul>\n<li>Vol direct en classe \u00e9conomique<\/li>\n<li>Transfert de l&#8217;a\u00e9roport \u00e0 votre h\u00e9bergement et retour<\/li>\n<li>H\u00e9bergement en formule demi-pension<\/li>\n<li>Trajet en voiture ou mini-bus climatis\u00e9<\/li>\n<li>Le prix indiqu\u00e9 est toute taxe comprise (TTC)<\/li>\n<\/ul>\n<p><em>A pr\u00e9voir:<\/em><\/p>\n<ul>\n<li>D\u00e9penses personnelles, repas et boissons non mentionn\u00e9s<\/li>\n<li>Assurances annulations\/rapatriement et bagages<\/li>\n<li>Frais de dossier et paiement par carte de cr\u00e9dit<\/li>\n<\/ul>\n","protected":false},"excerpt":{"rendered":"<p><em>*A partir de CHF 5000.- par personne<\/em><\/p>\n","protected":false},"featured_media":4287,"comment_status":"open","ping_status":"closed","template":"","meta":{"_acf_changed":false,"_et_pb_use_builder":"","_et_pb_old_content":"","_et_gb_content_width":"","om_disable_all_campaigns":false,"_monsterinsights_skip_tracking":false,"_monsterinsights_sitenote_active":false,"_monsterinsights_sitenote_note":"","_monsterinsights_sitenote_category":0,"_uf_show_specific_survey":0,"_uf_disable_surveys":false},"product_brand":[],"product_cat":[332,334],"product_tag":[],"mwb_booking_cost":[],"mwb_booking_service":[],"class_list":{"0":"post-4269","1":"product","2":"type-product","3":"status-publish","4":"has-post-thumbnail","6":"product_cat-booking","7":"product_cat-vacances-a-longue-terme","9":"first","10":"instock","11":"virtual","12":"taxable","13":"purchasable","14":"product-type-mwb_booking"},"acf":[],"aioseo_notices":[],"_links":{"self":[{"href":"https:\/\/vacancesmaurice.ch\/en\/wp-json\/wp\/v2\/product\/4269","targetHints":{"allow":["GET"]}}],"collection":[{"href":"https:\/\/vacancesmaurice.ch\/en\/wp-json\/wp\/v2\/product"}],"about":[{"href":"https:\/\/vacancesmaurice.ch\/en\/wp-json\/wp\/v2\/types\/product"}],"replies":[{"embeddable":true,"href":"https:\/\/vacancesmaurice.ch\/en\/wp-json\/wp\/v2\/comments?post=4269"}],"wp:featuredmedia":[{"embeddable":true,"href":"https:\/\/vacancesmaurice.ch\/en\/wp-json\/wp\/v2\/media\/4287"}],"wp:attachment":[{"href":"https:\/\/vacancesmaurice.ch\/en\/wp-json\/wp\/v2\/media?parent=4269"}],"wp:term":[{"taxonomy":"product_brand","embeddable":true,"href":"https:\/\/vacancesmaurice.ch\/en\/wp-json\/wp\/v2\/product_brand?post=4269"},{"taxonomy":"product_cat","embeddable":true,"href":"https:\/\/vacancesmaurice.ch\/en\/wp-json\/wp\/v2\/product_cat?post=4269"},{"taxonomy":"product_tag","embeddable":true,"href":"https:\/\/vacancesmaurice.ch\/en\/wp-json\/wp\/v2\/product_tag?post=4269"},{"taxonomy":"mwb_booking_cost","embeddable":true,"href":"https:\/\/vacancesmaurice.ch\/en\/wp-json\/wp\/v2\/mwb_booking_cost?post=4269"},{"taxonomy":"mwb_booking_service","embeddable":true,"href":"https:\/\/vacancesmaurice.ch\/en\/wp-json\/wp\/v2\/mwb_booking_service?post=4269"}],"curies":[{"name":"wp","href":"https:\/\/api.w.org\/{rel}","templated":true}]}}